{"id":3516,"date":"2020-03-26T07:58:05","date_gmt":"2020-03-26T06:58:05","guid":{"rendered":"https:\/\/shop.fromagerie-tourrette.com\/?post_type=product&#038;p=3516"},"modified":"2023-01-24T08:27:17","modified_gmt":"2023-01-24T07:27:17","slug":"creme-fraiche-epaisse-la-ferme-des-peupliers","status":"publish","type":"product","link":"https:\/\/fromagerie-tourrette.bigfamily.dev\/de\/produit\/creme-fraiche-epaisse-la-ferme-des-peupliers\/","title":{"rendered":"Cr\u00e8me fra\u00eeche \u00e9paisse La Ferme des Peupliers"},"content":{"rendered":"<p>Cr\u00e8me fra\u00eeche \u00e9paisse fabriqu\u00e9e en Normandie \u00e0 partir de lait provenant de la m\u00eame ferme, directement apr\u00e8s la traite ce qui permet de conserver toutes les qualit\u00e9s du lait<\/p>\n<p>45% MG &#8211; pot de 20cl<\/p>\n","protected":false},"excerpt":{"rendered":"<p>Cr\u00e8me fra\u00eeche \u00e9paisse fabriqu\u00e9e en Normandie \u00e0 partir de lait provenant de la m\u00eame ferme, directement apr\u00e8s la [&hellip;]<\/p>\n","protected":false},"featured_media":3618,"template":"","meta":[],"product_cat":[166,165],"product_tag":[],"acf":[],"_links":{"self":[{"href":"https:\/\/fromagerie-tourrette.bigfamily.dev\/de\/wp-json\/wp\/v2\/product\/3516"}],"collection":[{"href":"https:\/\/fromagerie-tourrette.bigfamily.dev\/de\/wp-json\/wp\/v2\/product"}],"about":[{"href":"https:\/\/fromagerie-tourrette.bigfamily.dev\/de\/wp-json\/wp\/v2\/types\/product"}],"wp:featuredmedia":[{"embeddable":true,"href":"https:\/\/fromagerie-tourrette.bigfamily.dev\/de\/wp-json\/wp\/v2\/media\/3618"}],"wp:attachment":[{"href":"https:\/\/fromagerie-tourrette.bigfamily.dev\/de\/wp-json\/wp\/v2\/media?parent=3516"}],"wp:term":[{"taxonomy":"product_cat","embeddable":true,"href":"https:\/\/fromagerie-tourrette.bigfamily.dev\/de\/wp-json\/wp\/v2\/product_cat?post=3516"},{"taxonomy":"product_tag","embeddable":true,"href":"https:\/\/fromagerie-tourrette.bigfamily.dev\/de\/wp-json\/wp\/v2\/product_tag?post=3516"}],"curies":[{"name":"wp","href":"https:\/\/api.w.org\/{rel}","templated":true}]}}