{"id":3507,"date":"2020-03-25T18:44:25","date_gmt":"2020-03-25T17:44:25","guid":{"rendered":"https:\/\/shop.fromagerie-tourrette.com\/?post_type=product&#038;p=3507"},"modified":"2024-01-09T14:02:15","modified_gmt":"2024-01-09T13:02:15","slug":"assortiement-de-fromages-a-raclette","status":"publish","type":"product","link":"https:\/\/fromagerie-tourrette.bigfamily.dev\/de\/produit\/assortiement-de-fromages-a-raclette\/","title":{"rendered":"Plateau de fromages \u00e0 Raclette"},"content":{"rendered":"<p><em>Produit indisponible pour les f\u00eates d&#8217;ann\u00e9es. Pour tout renseignement ou commande hors p\u00e9riode de f\u00eates, merci de contacter votre boutique.\u00a0<\/em><\/p>\n<p>&nbsp;<\/p>\n<p>Assortiment de fromages \u00e0 raclette tranch\u00e9s. Selon la saison et les disponibilit\u00e9s, lait cru de vache, de brebis ou de ch\u00e8vre, aromatis\u00e9 aux herbes, fum\u00e9, au poivre, etc&#8230;<\/p>\n<p><i>Pr\u00e9sent\u00e9 sur un plateau &#8211; \u00e0 d\u00e9guster sous 3 jours<\/i><\/p>\n<p>Les diff\u00e9rentes sortes de raclette sont pr\u00e9sent\u00e9es dans la cat\u00e9gorie Fromage &#8211; Les Tranch\u00e9s, o\u00f9 elles peuvent \u00eatre vendues au choix s\u00e9par\u00e9ment.<\/p>\n","protected":false},"excerpt":{"rendered":"<p>Produit indisponible pour les f\u00eates d&#8217;ann\u00e9es. Pour tout renseignement ou commande hors p\u00e9riode de f\u00eates, merci de contacter [&hellip;]<\/p>\n","protected":false},"featured_media":97721,"template":"","meta":[],"product_cat":[160,159,156],"product_tag":[],"acf":[],"_links":{"self":[{"href":"https:\/\/fromagerie-tourrette.bigfamily.dev\/de\/wp-json\/wp\/v2\/product\/3507"}],"collection":[{"href":"https:\/\/fromagerie-tourrette.bigfamily.dev\/de\/wp-json\/wp\/v2\/product"}],"about":[{"href":"https:\/\/fromagerie-tourrette.bigfamily.dev\/de\/wp-json\/wp\/v2\/types\/product"}],"wp:featuredmedia":[{"embeddable":true,"href":"https:\/\/fromagerie-tourrette.bigfamily.dev\/de\/wp-json\/wp\/v2\/media\/97721"}],"wp:attachment":[{"href":"https:\/\/fromagerie-tourrette.bigfamily.dev\/de\/wp-json\/wp\/v2\/media?parent=3507"}],"wp:term":[{"taxonomy":"product_cat","embeddable":true,"href":"https:\/\/fromagerie-tourrette.bigfamily.dev\/de\/wp-json\/wp\/v2\/product_cat?post=3507"},{"taxonomy":"product_tag","embeddable":true,"href":"https:\/\/fromagerie-tourrette.bigfamily.dev\/de\/wp-json\/wp\/v2\/product_tag?post=3507"}],"curies":[{"name":"wp","href":"https:\/\/api.w.org\/{rel}","templated":true}]}}