{"id":2951,"date":"2019-07-03T08:50:43","date_gmt":"2019-07-03T06:50:43","guid":{"rendered":"https:\/\/shop.fromagerie-tourrette.com\/?post_type=product&#038;p=2951"},"modified":"2024-02-02T08:41:22","modified_gmt":"2024-02-02T07:41:22","slug":"la-fleur-du-malt","status":"publish","type":"product","link":"https:\/\/fromagerie-tourrette.bigfamily.dev\/de\/produit\/la-fleur-du-malt\/","title":{"rendered":"La Fleur du Malt"},"content":{"rendered":"<p class=\"p1\">Fromage issu de la collaboration entre deux entreprises familiales Alsaciennes, La Cloche \u00e0 Fromage et la brasserie M\u00e9t\u00e9or.<\/p>\n<p class=\"p1\">Fromage au lait de vache dans un premier temps lav\u00e9 \u00e0 la M\u00e9t\u00e9or Hopstar (bi\u00e8re au nez tr\u00e8s houblonn\u00e9 et riches notes de malt) puis enrob\u00e9 de malt torr\u00e9fi\u00e9.<\/p>\n<p class=\"p1\">Durant l&#8217;affinage une belle moisissure se d\u00e9veloppe sur le malt .<\/p>\n<p class=\"p1\">Au go\u00fbt le malt torr\u00e9fi\u00e9 est bien prononc\u00e9 et une belle amertume se d\u00e9gage. On peut aussi d\u00e9noter de subtils ar\u00f4mes de caf\u00e9.<\/p>\n","protected":false},"excerpt":{"rendered":"<p>Fromage issu de la collaboration entre deux entreprises familiales Alsaciennes, La Cloche \u00e0 Fromage et la brasserie M\u00e9t\u00e9or. [&hellip;]<\/p>\n","protected":false},"featured_media":100250,"template":"","meta":[],"product_cat":[16],"product_tag":[],"acf":[],"_links":{"self":[{"href":"https:\/\/fromagerie-tourrette.bigfamily.dev\/de\/wp-json\/wp\/v2\/product\/2951"}],"collection":[{"href":"https:\/\/fromagerie-tourrette.bigfamily.dev\/de\/wp-json\/wp\/v2\/product"}],"about":[{"href":"https:\/\/fromagerie-tourrette.bigfamily.dev\/de\/wp-json\/wp\/v2\/types\/product"}],"wp:featuredmedia":[{"embeddable":true,"href":"https:\/\/fromagerie-tourrette.bigfamily.dev\/de\/wp-json\/wp\/v2\/media\/100250"}],"wp:attachment":[{"href":"https:\/\/fromagerie-tourrette.bigfamily.dev\/de\/wp-json\/wp\/v2\/media?parent=2951"}],"wp:term":[{"taxonomy":"product_cat","embeddable":true,"href":"https:\/\/fromagerie-tourrette.bigfamily.dev\/de\/wp-json\/wp\/v2\/product_cat?post=2951"},{"taxonomy":"product_tag","embeddable":true,"href":"https:\/\/fromagerie-tourrette.bigfamily.dev\/de\/wp-json\/wp\/v2\/product_tag?post=2951"}],"curies":[{"name":"wp","href":"https:\/\/api.w.org\/{rel}","templated":true}]}}