{"id":17309,"date":"2022-05-04T09:05:40","date_gmt":"2022-05-04T07:05:40","guid":{"rendered":"https:\/\/www.fromagerie-tourrette.com\/?post_type=product&#038;p=17309"},"modified":"2024-01-18T15:41:35","modified_gmt":"2024-01-18T14:41:35","slug":"comtesse-de-vichy","status":"publish","type":"product","link":"https:\/\/fromagerie-tourrette.bigfamily.dev\/de\/produit\/comtesse-de-vichy\/","title":{"rendered":"Comtesse de Vichy"},"content":{"rendered":"<p>Fromage fabriqu\u00e9 \u00e0 Vichy, en Auvergne. La base utilis\u00e9e est celle d&#8217;un Coulommiers. Lors de l&#8217;\u00e9gouttage, le caill\u00e9 est cercl\u00e9 d&#8217;une \u00e9corce d&#8217;\u00e9pic\u00e9a pour retenir la p\u00e2te. Elle permet au fromage de d\u00e9velopper sa croute naturelle et lui conf\u00e8re un go\u00fbt bois\u00e9 unique et subtile.<\/p>\n","protected":false},"excerpt":{"rendered":"<p>Fromage fabriqu\u00e9 \u00e0 Vichy, en Auvergne. La base utilis\u00e9e est celle d&#8217;un Coulommiers. Lors de l&#8217;\u00e9gouttage, le caill\u00e9 [&hellip;]<\/p>\n","protected":false},"featured_media":17310,"template":"","meta":[],"product_cat":[16],"product_tag":[],"acf":[],"_links":{"self":[{"href":"https:\/\/fromagerie-tourrette.bigfamily.dev\/de\/wp-json\/wp\/v2\/product\/17309"}],"collection":[{"href":"https:\/\/fromagerie-tourrette.bigfamily.dev\/de\/wp-json\/wp\/v2\/product"}],"about":[{"href":"https:\/\/fromagerie-tourrette.bigfamily.dev\/de\/wp-json\/wp\/v2\/types\/product"}],"wp:featuredmedia":[{"embeddable":true,"href":"https:\/\/fromagerie-tourrette.bigfamily.dev\/de\/wp-json\/wp\/v2\/media\/17310"}],"wp:attachment":[{"href":"https:\/\/fromagerie-tourrette.bigfamily.dev\/de\/wp-json\/wp\/v2\/media?parent=17309"}],"wp:term":[{"taxonomy":"product_cat","embeddable":true,"href":"https:\/\/fromagerie-tourrette.bigfamily.dev\/de\/wp-json\/wp\/v2\/product_cat?post=17309"},{"taxonomy":"product_tag","embeddable":true,"href":"https:\/\/fromagerie-tourrette.bigfamily.dev\/de\/wp-json\/wp\/v2\/product_tag?post=17309"}],"curies":[{"name":"wp","href":"https:\/\/api.w.org\/{rel}","templated":true}]}}