{"id":1374,"date":"2019-02-26T09:28:08","date_gmt":"2019-02-26T08:28:08","guid":{"rendered":"http:\/\/shop.fromagerie-tourrette.com\/?post_type=product&#038;p=1374"},"modified":"2024-01-09T14:02:02","modified_gmt":"2024-01-09T13:02:02","slug":"carte-de-france","status":"publish","type":"product","link":"https:\/\/fromagerie-tourrette.bigfamily.dev\/de\/produit\/carte-de-france\/","title":{"rendered":"Carte de France"},"content":{"rendered":"<p><em>Produit indisponible pour les f\u00eates d&#8217;ann\u00e9es. Pour tout renseignement ou commande hors p\u00e9riode de f\u00eates, merci de contacter votre boutique.\u00a0<\/em><\/p>\n<p>&nbsp;<\/p>\n<p>Pr\u00eat pour un tour de France des fromages? Retrouver toutes les saveurs de nos belles r\u00e9gions sur un plateau.<\/p>\n<p>Du plus doux au plus cors\u00e9, toutes les familles de fromages sont repr\u00e9sent\u00e9es afin qu&#8217;il y en ait pour tous les go\u00fbts. Le plateau convivial par excellence qui ne passera pas inaper\u00e7u lors de vos plus grands \u00e9v\u00e9nements !<\/p>\n<p>Attention, en raison de la taille du plateau, merci de pr\u00e9voir une date de retrait au plus proche de sa consommation et un endroit au frais pour le stocker jusque l\u00e0. A sortir 1h avant la d\u00e9gustation pour la mise \u00e0 temp\u00e9rature.<\/p>\n","protected":false},"excerpt":{"rendered":"<p>Produit indisponible pour les f\u00eates d&#8217;ann\u00e9es. Pour tout renseignement ou commande hors p\u00e9riode de f\u00eates, merci de contacter [&hellip;]<\/p>\n","protected":false},"featured_media":92135,"template":"","meta":[],"product_cat":[160,156],"product_tag":[],"acf":[],"_links":{"self":[{"href":"https:\/\/fromagerie-tourrette.bigfamily.dev\/de\/wp-json\/wp\/v2\/product\/1374"}],"collection":[{"href":"https:\/\/fromagerie-tourrette.bigfamily.dev\/de\/wp-json\/wp\/v2\/product"}],"about":[{"href":"https:\/\/fromagerie-tourrette.bigfamily.dev\/de\/wp-json\/wp\/v2\/types\/product"}],"wp:featuredmedia":[{"embeddable":true,"href":"https:\/\/fromagerie-tourrette.bigfamily.dev\/de\/wp-json\/wp\/v2\/media\/92135"}],"wp:attachment":[{"href":"https:\/\/fromagerie-tourrette.bigfamily.dev\/de\/wp-json\/wp\/v2\/media?parent=1374"}],"wp:term":[{"taxonomy":"product_cat","embeddable":true,"href":"https:\/\/fromagerie-tourrette.bigfamily.dev\/de\/wp-json\/wp\/v2\/product_cat?post=1374"},{"taxonomy":"product_tag","embeddable":true,"href":"https:\/\/fromagerie-tourrette.bigfamily.dev\/de\/wp-json\/wp\/v2\/product_tag?post=1374"}],"curies":[{"name":"wp","href":"https:\/\/api.w.org\/{rel}","templated":true}]}}