{"id":1371,"date":"2019-02-26T09:16:48","date_gmt":"2019-02-26T08:16:48","guid":{"rendered":"http:\/\/shop.fromagerie-tourrette.com\/?post_type=product&#038;p=1371"},"modified":"2024-01-09T14:02:07","modified_gmt":"2024-01-09T13:02:07","slug":"plateau-charcuterie","status":"publish","type":"product","link":"https:\/\/fromagerie-tourrette.bigfamily.dev\/de\/produit\/plateau-charcuterie\/","title":{"rendered":"Plateau charcuterie"},"content":{"rendered":"<p><em>Produit indisponible pour les f\u00eates d&#8217;ann\u00e9es. Pour tout renseignement ou commande hors p\u00e9riode de f\u00eates, merci de contacter votre boutique.\u00a0<\/em><\/p>\n<p>&nbsp;<\/p>\n<p>Assortiment de salaisons tranch\u00e9es, pr\u00eates \u00e0 d\u00e9guster. 100g de charcuterie par personne.<\/p>\n<p><i>Pensez \u00e0 ramener vos anciens plateaux en boutiques, nous\u00a0recyclons les supports en bois ! 1\u20ac de remise imm\u00e9diate sur le montant de vos achats.<\/i><\/p>\n","protected":false},"excerpt":{"rendered":"<p>Produit indisponible pour les f\u00eates d&#8217;ann\u00e9es. Pour tout renseignement ou commande hors p\u00e9riode de f\u00eates, merci de contacter [&hellip;]<\/p>\n","protected":false},"featured_media":92132,"template":"","meta":[],"product_cat":[160,159,156],"product_tag":[],"acf":[],"_links":{"self":[{"href":"https:\/\/fromagerie-tourrette.bigfamily.dev\/de\/wp-json\/wp\/v2\/product\/1371"}],"collection":[{"href":"https:\/\/fromagerie-tourrette.bigfamily.dev\/de\/wp-json\/wp\/v2\/product"}],"about":[{"href":"https:\/\/fromagerie-tourrette.bigfamily.dev\/de\/wp-json\/wp\/v2\/types\/product"}],"wp:featuredmedia":[{"embeddable":true,"href":"https:\/\/fromagerie-tourrette.bigfamily.dev\/de\/wp-json\/wp\/v2\/media\/92132"}],"wp:attachment":[{"href":"https:\/\/fromagerie-tourrette.bigfamily.dev\/de\/wp-json\/wp\/v2\/media?parent=1371"}],"wp:term":[{"taxonomy":"product_cat","embeddable":true,"href":"https:\/\/fromagerie-tourrette.bigfamily.dev\/de\/wp-json\/wp\/v2\/product_cat?post=1371"},{"taxonomy":"product_tag","embeddable":true,"href":"https:\/\/fromagerie-tourrette.bigfamily.dev\/de\/wp-json\/wp\/v2\/product_tag?post=1371"}],"curies":[{"name":"wp","href":"https:\/\/api.w.org\/{rel}","templated":true}]}}