{"id":11549,"date":"2021-06-22T14:35:57","date_gmt":"2021-06-22T12:35:57","guid":{"rendered":"https:\/\/www.fromagerie-tourrette.com\/?post_type=product&#038;p=11549"},"modified":"2021-06-22T15:46:33","modified_gmt":"2021-06-22T13:46:33","slug":"ethylotest","status":"publish","type":"product","link":"https:\/\/fromagerie-tourrette.bigfamily.dev\/de\/produit\/ethylotest\/","title":{"rendered":"Ethylotest"},"content":{"rendered":"<p>Soufflez, vous saurez ! Ethylotest en vente sur ce site. 0,5g\/l de sang. Sans chrome. Made in France.<\/p>\n<ul>\n<li>Dans 32% des accidents mortels, un conducteur est alcoolis\u00e9.<\/li>\n<li>En 2019, il est estim\u00e9 que 1 052 personnes ont \u00e9t\u00e9 tu\u00e9es dans un accident avec un conducteur alcoolis\u00e9.<\/li>\n<li>Le risque d&#8217;\u00eatre responsable d&#8217;un accident mortel est multipli\u00e9 en moyenne par 18 chez les conducteurs alcoolis\u00e9s.<\/li>\n<li>Les accidents avec un conducteur alcoolis\u00e9 sont nettement plus graves que les autres : 13% sont mortels contre 5% pour ceux sans alcool.<\/li>\n<\/ul>\n","protected":false},"excerpt":{"rendered":"<p>Soufflez, vous saurez ! Ethylotest en vente sur ce site. 0,5g\/l de sang. Sans chrome. Made in France. [&hellip;]<\/p>\n","protected":false},"featured_media":11553,"template":"","meta":[],"product_cat":[168],"product_tag":[],"acf":[],"_links":{"self":[{"href":"https:\/\/fromagerie-tourrette.bigfamily.dev\/de\/wp-json\/wp\/v2\/product\/11549"}],"collection":[{"href":"https:\/\/fromagerie-tourrette.bigfamily.dev\/de\/wp-json\/wp\/v2\/product"}],"about":[{"href":"https:\/\/fromagerie-tourrette.bigfamily.dev\/de\/wp-json\/wp\/v2\/types\/product"}],"wp:featuredmedia":[{"embeddable":true,"href":"https:\/\/fromagerie-tourrette.bigfamily.dev\/de\/wp-json\/wp\/v2\/media\/11553"}],"wp:attachment":[{"href":"https:\/\/fromagerie-tourrette.bigfamily.dev\/de\/wp-json\/wp\/v2\/media?parent=11549"}],"wp:term":[{"taxonomy":"product_cat","embeddable":true,"href":"https:\/\/fromagerie-tourrette.bigfamily.dev\/de\/wp-json\/wp\/v2\/product_cat?post=11549"},{"taxonomy":"product_tag","embeddable":true,"href":"https:\/\/fromagerie-tourrette.bigfamily.dev\/de\/wp-json\/wp\/v2\/product_tag?post=11549"}],"curies":[{"name":"wp","href":"https:\/\/api.w.org\/{rel}","templated":true}]}}