{"id":1091,"date":"2018-11-02T11:54:35","date_gmt":"2018-11-02T10:54:35","guid":{"rendered":"http:\/\/shop.fromagerie-tourrette.com\/boutique\/produit\/tete-de-moine-aop\/"},"modified":"2023-05-31T15:19:51","modified_gmt":"2023-05-31T13:19:51","slug":"tete-de-moine-aop","status":"publish","type":"product","link":"https:\/\/fromagerie-tourrette.bigfamily.dev\/de\/produit\/tete-de-moine-aop\/","title":{"rendered":"T\u00eate de Moine AOP"},"content":{"rendered":"<p>Ce fromage ne se coupe pas mais se racle en rosettes tr\u00e8s fines , \u00e0 l\u2019aide d\u2019une \u00ab\u00a0girolle\u00a0\u00bb puisque le raclage modifie la structure de la p\u00e2te et la rend d\u00e9licieusement fondante en bouche. On pr\u00e9tend que les moines raclaient le haut du fromage par gourmandise et ce afin que cela ne se voit pas. Il opbtint son nom d\u00e9finitif \u00e0 la fin du 18 \u00e8me si\u00e8cle car ce fromage , racl\u00e9, ressemblait \u00e0 la t\u00eate tondue d&#8217;un moine.<\/p>\n","protected":false},"excerpt":{"rendered":"<p>Ce fromage ne se coupe pas mais se racle en rosettes tr\u00e8s fines , \u00e0 l\u2019aide d\u2019une \u00ab\u00a0girolle\u00a0\u00bb [&hellip;]<\/p>\n","protected":false},"featured_media":15886,"template":"","meta":[],"product_cat":[16],"product_tag":[],"acf":[],"_links":{"self":[{"href":"https:\/\/fromagerie-tourrette.bigfamily.dev\/de\/wp-json\/wp\/v2\/product\/1091"}],"collection":[{"href":"https:\/\/fromagerie-tourrette.bigfamily.dev\/de\/wp-json\/wp\/v2\/product"}],"about":[{"href":"https:\/\/fromagerie-tourrette.bigfamily.dev\/de\/wp-json\/wp\/v2\/types\/product"}],"wp:featuredmedia":[{"embeddable":true,"href":"https:\/\/fromagerie-tourrette.bigfamily.dev\/de\/wp-json\/wp\/v2\/media\/15886"}],"wp:attachment":[{"href":"https:\/\/fromagerie-tourrette.bigfamily.dev\/de\/wp-json\/wp\/v2\/media?parent=1091"}],"wp:term":[{"taxonomy":"product_cat","embeddable":true,"href":"https:\/\/fromagerie-tourrette.bigfamily.dev\/de\/wp-json\/wp\/v2\/product_cat?post=1091"},{"taxonomy":"product_tag","embeddable":true,"href":"https:\/\/fromagerie-tourrette.bigfamily.dev\/de\/wp-json\/wp\/v2\/product_tag?post=1091"}],"curies":[{"name":"wp","href":"https:\/\/api.w.org\/{rel}","templated":true}]}}