{"id":1086,"date":"2018-11-02T11:54:08","date_gmt":"2018-11-02T10:54:08","guid":{"rendered":"http:\/\/shop.fromagerie-tourrette.com\/boutique\/produit\/sable-a-la-biere-blanche-du-wissant\/"},"modified":"2023-01-19T14:27:34","modified_gmt":"2023-01-19T13:27:34","slug":"sable-a-la-biere-blanche-du-wissant","status":"publish","type":"product","link":"https:\/\/fromagerie-tourrette.bigfamily.dev\/de\/produit\/sable-a-la-biere-blanche-du-wissant\/","title":{"rendered":"Sabl\u00e9 \u00e0 la bi\u00e8re blanche du Wissant"},"content":{"rendered":"<p>Fromage enrob\u00e9 de chapelure rappelant le sable des plages du Boulonnais. Il est \u00e9galement bross\u00e9 \u00e0 la bi\u00e8re de Wissant. On retrouvera une belle amertume et une texture moelleuse.<\/p>\n","protected":false},"excerpt":{"rendered":"<p>Fromage enrob\u00e9 de chapelure rappelant le sable des plages du Boulonnais. Il est \u00e9galement bross\u00e9 \u00e0 la bi\u00e8re [&hellip;]<\/p>\n","protected":false},"featured_media":15895,"template":"","meta":[],"product_cat":[16],"product_tag":[],"acf":[],"_links":{"self":[{"href":"https:\/\/fromagerie-tourrette.bigfamily.dev\/de\/wp-json\/wp\/v2\/product\/1086"}],"collection":[{"href":"https:\/\/fromagerie-tourrette.bigfamily.dev\/de\/wp-json\/wp\/v2\/product"}],"about":[{"href":"https:\/\/fromagerie-tourrette.bigfamily.dev\/de\/wp-json\/wp\/v2\/types\/product"}],"wp:featuredmedia":[{"embeddable":true,"href":"https:\/\/fromagerie-tourrette.bigfamily.dev\/de\/wp-json\/wp\/v2\/media\/15895"}],"wp:attachment":[{"href":"https:\/\/fromagerie-tourrette.bigfamily.dev\/de\/wp-json\/wp\/v2\/media?parent=1086"}],"wp:term":[{"taxonomy":"product_cat","embeddable":true,"href":"https:\/\/fromagerie-tourrette.bigfamily.dev\/de\/wp-json\/wp\/v2\/product_cat?post=1086"},{"taxonomy":"product_tag","embeddable":true,"href":"https:\/\/fromagerie-tourrette.bigfamily.dev\/de\/wp-json\/wp\/v2\/product_tag?post=1086"}],"curies":[{"name":"wp","href":"https:\/\/api.w.org\/{rel}","templated":true}]}}