{"id":1081,"date":"2018-11-02T11:53:50","date_gmt":"2018-11-02T10:53:50","guid":{"rendered":"http:\/\/shop.fromagerie-tourrette.com\/boutique\/produit\/cure-nantais-affine-au-muscadet\/"},"modified":"2023-01-19T11:18:37","modified_gmt":"2023-01-19T10:18:37","slug":"cure-nantais-affine-au-muscadet","status":"publish","type":"product","link":"https:\/\/fromagerie-tourrette.bigfamily.dev\/de\/produit\/cure-nantais-affine-au-muscadet\/","title":{"rendered":"Cur\u00e9 Nantais affin\u00e9 au Muscadet"},"content":{"rendered":"<p>Fabriqu\u00e9 dans les traditionnelles cuves en cuivre, la fabrication n\u2019exc\u00e8de pas 2000 fromages par jour\u2026lait cru oblige! L\u2019affinage se poursuit sur des planches d\u2019\u00e9pic\u00e9a, en cave humide, pendant 4 \u00e0 8 semaines , afin de leur donner cette belle couleur ocre.<\/p>\n","protected":false},"excerpt":{"rendered":"<p>Fabriqu\u00e9 dans les traditionnelles cuves en cuivre, la fabrication n\u2019exc\u00e8de pas 2000 fromages par jour\u2026lait cru oblige! L\u2019affinage [&hellip;]<\/p>\n","protected":false},"featured_media":15901,"template":"","meta":[],"product_cat":[16],"product_tag":[],"acf":[],"_links":{"self":[{"href":"https:\/\/fromagerie-tourrette.bigfamily.dev\/de\/wp-json\/wp\/v2\/product\/1081"}],"collection":[{"href":"https:\/\/fromagerie-tourrette.bigfamily.dev\/de\/wp-json\/wp\/v2\/product"}],"about":[{"href":"https:\/\/fromagerie-tourrette.bigfamily.dev\/de\/wp-json\/wp\/v2\/types\/product"}],"wp:featuredmedia":[{"embeddable":true,"href":"https:\/\/fromagerie-tourrette.bigfamily.dev\/de\/wp-json\/wp\/v2\/media\/15901"}],"wp:attachment":[{"href":"https:\/\/fromagerie-tourrette.bigfamily.dev\/de\/wp-json\/wp\/v2\/media?parent=1081"}],"wp:term":[{"taxonomy":"product_cat","embeddable":true,"href":"https:\/\/fromagerie-tourrette.bigfamily.dev\/de\/wp-json\/wp\/v2\/product_cat?post=1081"},{"taxonomy":"product_tag","embeddable":true,"href":"https:\/\/fromagerie-tourrette.bigfamily.dev\/de\/wp-json\/wp\/v2\/product_tag?post=1081"}],"curies":[{"name":"wp","href":"https:\/\/api.w.org\/{rel}","templated":true}]}}