{"id":1077,"date":"2018-11-02T11:53:33","date_gmt":"2018-11-02T10:53:33","guid":{"rendered":"http:\/\/shop.fromagerie-tourrette.com\/boutique\/produit\/st-felicien\/"},"modified":"2024-02-08T09:13:32","modified_gmt":"2024-02-08T08:13:32","slug":"st-felicien","status":"publish","type":"product","link":"https:\/\/fromagerie-tourrette.bigfamily.dev\/de\/produit\/st-felicien\/","title":{"rendered":"St F\u00e9licien coupelle gr\u00e8s"},"content":{"rendered":"<p>Ce petit fromage au lait de vache, fait fondre tous les gourmands avec ses saveurs douces et son cr\u00e9meux, tout en \u00e9tant puissant \u00e0 la fois. Il r\u00e9v\u00e8le des ar\u00f4mes plus ou moins typ\u00e9 selon son affinage. En cuisine, il apporte un fondant incomparable \u00e0 toutes les recettes.<\/p>\n","protected":false},"excerpt":{"rendered":"<p>Ce petit fromage au lait de vache, fait fondre tous les gourmands avec ses saveurs douces et son [&hellip;]<\/p>\n","protected":false},"featured_media":100419,"template":"","meta":[],"product_cat":[16],"product_tag":[],"acf":[],"_links":{"self":[{"href":"https:\/\/fromagerie-tourrette.bigfamily.dev\/de\/wp-json\/wp\/v2\/product\/1077"}],"collection":[{"href":"https:\/\/fromagerie-tourrette.bigfamily.dev\/de\/wp-json\/wp\/v2\/product"}],"about":[{"href":"https:\/\/fromagerie-tourrette.bigfamily.dev\/de\/wp-json\/wp\/v2\/types\/product"}],"wp:featuredmedia":[{"embeddable":true,"href":"https:\/\/fromagerie-tourrette.bigfamily.dev\/de\/wp-json\/wp\/v2\/media\/100419"}],"wp:attachment":[{"href":"https:\/\/fromagerie-tourrette.bigfamily.dev\/de\/wp-json\/wp\/v2\/media?parent=1077"}],"wp:term":[{"taxonomy":"product_cat","embeddable":true,"href":"https:\/\/fromagerie-tourrette.bigfamily.dev\/de\/wp-json\/wp\/v2\/product_cat?post=1077"},{"taxonomy":"product_tag","embeddable":true,"href":"https:\/\/fromagerie-tourrette.bigfamily.dev\/de\/wp-json\/wp\/v2\/product_tag?post=1077"}],"curies":[{"name":"wp","href":"https:\/\/api.w.org\/{rel}","templated":true}]}}