{"id":1070,"date":"2018-11-02T11:53:08","date_gmt":"2018-11-02T10:53:08","guid":{"rendered":"http:\/\/shop.fromagerie-tourrette.com\/boutique\/produit\/perail-de-brebis-fermier\/"},"modified":"2024-02-02T15:44:57","modified_gmt":"2024-02-02T14:44:57","slug":"perail-de-brebis-fermier","status":"publish","type":"product","link":"https:\/\/fromagerie-tourrette.bigfamily.dev\/de\/produit\/perail-de-brebis-fermier\/","title":{"rendered":"P\u00e9rail de brebis Fermier"},"content":{"rendered":"<p>Sa p\u00e2te, de couleur blanche \u00e0 ivoire, fine et fondante, devient assez coulante apr\u00e8s 2 semaines d\u2019affinage. Sa saveur est douce, avec des notes lactiques peu prononc\u00e9es : un coeur fondant en bouche.<\/p>\n","protected":false},"excerpt":{"rendered":"<p>Sa p\u00e2te, de couleur blanche \u00e0 ivoire, fine et fondante, devient assez coulante apr\u00e8s 2 semaines d\u2019affinage. Sa [&hellip;]<\/p>\n","protected":false},"featured_media":100315,"template":"","meta":[],"product_cat":[16],"product_tag":[],"acf":[],"_links":{"self":[{"href":"https:\/\/fromagerie-tourrette.bigfamily.dev\/de\/wp-json\/wp\/v2\/product\/1070"}],"collection":[{"href":"https:\/\/fromagerie-tourrette.bigfamily.dev\/de\/wp-json\/wp\/v2\/product"}],"about":[{"href":"https:\/\/fromagerie-tourrette.bigfamily.dev\/de\/wp-json\/wp\/v2\/types\/product"}],"wp:featuredmedia":[{"embeddable":true,"href":"https:\/\/fromagerie-tourrette.bigfamily.dev\/de\/wp-json\/wp\/v2\/media\/100315"}],"wp:attachment":[{"href":"https:\/\/fromagerie-tourrette.bigfamily.dev\/de\/wp-json\/wp\/v2\/media?parent=1070"}],"wp:term":[{"taxonomy":"product_cat","embeddable":true,"href":"https:\/\/fromagerie-tourrette.bigfamily.dev\/de\/wp-json\/wp\/v2\/product_cat?post=1070"},{"taxonomy":"product_tag","embeddable":true,"href":"https:\/\/fromagerie-tourrette.bigfamily.dev\/de\/wp-json\/wp\/v2\/product_tag?post=1070"}],"curies":[{"name":"wp","href":"https:\/\/api.w.org\/{rel}","templated":true}]}}