{"id":1067,"date":"2018-11-02T11:52:54","date_gmt":"2018-11-02T10:52:54","guid":{"rendered":"http:\/\/shop.fromagerie-tourrette.com\/boutique\/produit\/truffe-cendree\/"},"modified":"2024-02-08T09:08:21","modified_gmt":"2024-02-08T08:08:21","slug":"truffe-cendree","status":"publish","type":"product","link":"https:\/\/fromagerie-tourrette.bigfamily.dev\/de\/produit\/truffe-cendree\/","title":{"rendered":"Truffe Cendr\u00e9e"},"content":{"rendered":"<p>D\u00e9licieux ch\u00e8vre frais du Tarn et s\u2019affinant en interne gr\u00e2ce \u00e0 un enrobage finement cendr\u00e9. Son aspect et sa forme souvent irr\u00e9guli\u00e8re ont d\u00e9termin\u00e9 son \u00ab nom \u00bb. Attention, malgr\u00e9 son nom, il n&#8217;y a nullement la pr\u00e9sence de brisures de truffes.<\/p>\n","protected":false},"excerpt":{"rendered":"<p>D\u00e9licieux ch\u00e8vre frais du Tarn et s\u2019affinant en interne gr\u00e2ce \u00e0 un enrobage finement cendr\u00e9. Son aspect et [&hellip;]<\/p>\n","protected":false},"featured_media":100406,"template":"","meta":[],"product_cat":[16],"product_tag":[],"acf":[],"_links":{"self":[{"href":"https:\/\/fromagerie-tourrette.bigfamily.dev\/de\/wp-json\/wp\/v2\/product\/1067"}],"collection":[{"href":"https:\/\/fromagerie-tourrette.bigfamily.dev\/de\/wp-json\/wp\/v2\/product"}],"about":[{"href":"https:\/\/fromagerie-tourrette.bigfamily.dev\/de\/wp-json\/wp\/v2\/types\/product"}],"wp:featuredmedia":[{"embeddable":true,"href":"https:\/\/fromagerie-tourrette.bigfamily.dev\/de\/wp-json\/wp\/v2\/media\/100406"}],"wp:attachment":[{"href":"https:\/\/fromagerie-tourrette.bigfamily.dev\/de\/wp-json\/wp\/v2\/media?parent=1067"}],"wp:term":[{"taxonomy":"product_cat","embeddable":true,"href":"https:\/\/fromagerie-tourrette.bigfamily.dev\/de\/wp-json\/wp\/v2\/product_cat?post=1067"},{"taxonomy":"product_tag","embeddable":true,"href":"https:\/\/fromagerie-tourrette.bigfamily.dev\/de\/wp-json\/wp\/v2\/product_tag?post=1067"}],"curies":[{"name":"wp","href":"https:\/\/api.w.org\/{rel}","templated":true}]}}