{"id":1062,"date":"2018-11-02T11:52:39","date_gmt":"2018-11-02T10:52:39","guid":{"rendered":"http:\/\/shop.fromagerie-tourrette.com\/boutique\/produit\/tomme-a-lancienne\/"},"modified":"2024-01-18T13:38:13","modified_gmt":"2024-01-18T12:38:13","slug":"tomme-a-lancienne","status":"publish","type":"product","link":"https:\/\/fromagerie-tourrette.bigfamily.dev\/de\/produit\/tomme-a-lancienne\/","title":{"rendered":"Tomme \u00e0 l&#8217;ancienne"},"content":{"rendered":"<p>Produite dans toute la Provence, elle est le reflet d\u2019une technique et d\u2019un savoir-faire ancestral. On dit m\u00eame qu\u2019elle est la descendante des premiers fromages proven\u00e7aux. Sa technique de fabrication remonterait \u00e0 l\u2019\u00e9poque de la domestication de la ch\u00e8vre 5 \u00e0 6000 ans av JC<\/p>\n","protected":false},"excerpt":{"rendered":"<p>Produite dans toute la Provence, elle est le reflet d\u2019une technique et d\u2019un savoir-faire ancestral. On dit m\u00eame [&hellip;]<\/p>\n","protected":false},"featured_media":15922,"template":"","meta":[],"product_cat":[16],"product_tag":[],"acf":[],"_links":{"self":[{"href":"https:\/\/fromagerie-tourrette.bigfamily.dev\/de\/wp-json\/wp\/v2\/product\/1062"}],"collection":[{"href":"https:\/\/fromagerie-tourrette.bigfamily.dev\/de\/wp-json\/wp\/v2\/product"}],"about":[{"href":"https:\/\/fromagerie-tourrette.bigfamily.dev\/de\/wp-json\/wp\/v2\/types\/product"}],"wp:featuredmedia":[{"embeddable":true,"href":"https:\/\/fromagerie-tourrette.bigfamily.dev\/de\/wp-json\/wp\/v2\/media\/15922"}],"wp:attachment":[{"href":"https:\/\/fromagerie-tourrette.bigfamily.dev\/de\/wp-json\/wp\/v2\/media?parent=1062"}],"wp:term":[{"taxonomy":"product_cat","embeddable":true,"href":"https:\/\/fromagerie-tourrette.bigfamily.dev\/de\/wp-json\/wp\/v2\/product_cat?post=1062"},{"taxonomy":"product_tag","embeddable":true,"href":"https:\/\/fromagerie-tourrette.bigfamily.dev\/de\/wp-json\/wp\/v2\/product_tag?post=1062"}],"curies":[{"name":"wp","href":"https:\/\/api.w.org\/{rel}","templated":true}]}}