{"id":1059,"date":"2018-11-02T11:52:29","date_gmt":"2018-11-02T10:52:29","guid":{"rendered":"http:\/\/shop.fromagerie-tourrette.com\/boutique\/produit\/rouelle-cendree\/"},"modified":"2024-02-02T15:57:58","modified_gmt":"2024-02-02T14:57:58","slug":"rouelle-cendree","status":"publish","type":"product","link":"https:\/\/fromagerie-tourrette.bigfamily.dev\/de\/produit\/rouelle-cendree\/","title":{"rendered":"Rouelle cendr\u00e9e"},"content":{"rendered":"<p>Cendr\u00e9e, cette p\u00e2te lactique sans coeur mais avec beaucoup de corps et une forme originale concentre harmonieusement tous les ar\u00f4mes d&#8217;un fromage moul\u00e9 \u00e0 la louche. A la fois souple ert fondant.<\/p>\n","protected":false},"excerpt":{"rendered":"<p>Cendr\u00e9e, cette p\u00e2te lactique sans coeur mais avec beaucoup de corps et une forme originale concentre harmonieusement tous [&hellip;]<\/p>\n","protected":false},"featured_media":100330,"template":"","meta":[],"product_cat":[16],"product_tag":[],"acf":[],"_links":{"self":[{"href":"https:\/\/fromagerie-tourrette.bigfamily.dev\/de\/wp-json\/wp\/v2\/product\/1059"}],"collection":[{"href":"https:\/\/fromagerie-tourrette.bigfamily.dev\/de\/wp-json\/wp\/v2\/product"}],"about":[{"href":"https:\/\/fromagerie-tourrette.bigfamily.dev\/de\/wp-json\/wp\/v2\/types\/product"}],"wp:featuredmedia":[{"embeddable":true,"href":"https:\/\/fromagerie-tourrette.bigfamily.dev\/de\/wp-json\/wp\/v2\/media\/100330"}],"wp:attachment":[{"href":"https:\/\/fromagerie-tourrette.bigfamily.dev\/de\/wp-json\/wp\/v2\/media?parent=1059"}],"wp:term":[{"taxonomy":"product_cat","embeddable":true,"href":"https:\/\/fromagerie-tourrette.bigfamily.dev\/de\/wp-json\/wp\/v2\/product_cat?post=1059"},{"taxonomy":"product_tag","embeddable":true,"href":"https:\/\/fromagerie-tourrette.bigfamily.dev\/de\/wp-json\/wp\/v2\/product_tag?post=1059"}],"curies":[{"name":"wp","href":"https:\/\/api.w.org\/{rel}","templated":true}]}}