{"id":1056,"date":"2018-11-02T11:52:20","date_gmt":"2018-11-02T10:52:20","guid":{"rendered":"http:\/\/shop.fromagerie-tourrette.com\/boutique\/produit\/le-pave-de-poitou-cendre\/"},"modified":"2024-01-18T15:34:19","modified_gmt":"2024-01-18T14:34:19","slug":"le-pave-de-poitou-cendre","status":"publish","type":"product","link":"https:\/\/fromagerie-tourrette.bigfamily.dev\/de\/produit\/le-pave-de-poitou-cendre\/","title":{"rendered":"Le pav\u00e9 de Poitou cendr\u00e9"},"content":{"rendered":"<p>Fromage au lait cru de ch\u00e8vre, moul\u00e9 \u00e0 la louche et sal\u00e9 \u00e0 sec. Sa cro\u00fbte cendr\u00e9e est naturelle et consommable. Il est doux et se mariera parfaitement avec des fromages plus affin\u00e9s.<\/p>\n","protected":false},"excerpt":{"rendered":"<p>Fromage au lait cru de ch\u00e8vre, moul\u00e9 \u00e0 la louche et sal\u00e9 \u00e0 sec. Sa cro\u00fbte cendr\u00e9e est [&hellip;]<\/p>\n","protected":false},"featured_media":15928,"template":"","meta":[],"product_cat":[16],"product_tag":[],"acf":[],"_links":{"self":[{"href":"https:\/\/fromagerie-tourrette.bigfamily.dev\/de\/wp-json\/wp\/v2\/product\/1056"}],"collection":[{"href":"https:\/\/fromagerie-tourrette.bigfamily.dev\/de\/wp-json\/wp\/v2\/product"}],"about":[{"href":"https:\/\/fromagerie-tourrette.bigfamily.dev\/de\/wp-json\/wp\/v2\/types\/product"}],"wp:featuredmedia":[{"embeddable":true,"href":"https:\/\/fromagerie-tourrette.bigfamily.dev\/de\/wp-json\/wp\/v2\/media\/15928"}],"wp:attachment":[{"href":"https:\/\/fromagerie-tourrette.bigfamily.dev\/de\/wp-json\/wp\/v2\/media?parent=1056"}],"wp:term":[{"taxonomy":"product_cat","embeddable":true,"href":"https:\/\/fromagerie-tourrette.bigfamily.dev\/de\/wp-json\/wp\/v2\/product_cat?post=1056"},{"taxonomy":"product_tag","embeddable":true,"href":"https:\/\/fromagerie-tourrette.bigfamily.dev\/de\/wp-json\/wp\/v2\/product_tag?post=1056"}],"curies":[{"name":"wp","href":"https:\/\/api.w.org\/{rel}","templated":true}]}}