{"id":10541,"date":"2021-03-26T12:04:54","date_gmt":"2021-03-26T11:04:54","guid":{"rendered":"https:\/\/www.fromagerie-tourrette.com\/?post_type=product&#038;p=10541"},"modified":"2024-01-18T11:22:14","modified_gmt":"2024-01-18T10:22:14","slug":"tomme-des-aramits","status":"publish","type":"product","link":"https:\/\/fromagerie-tourrette.bigfamily.dev\/de\/produit\/tomme-des-aramits\/","title":{"rendered":"Tomme des Aramits"},"content":{"rendered":"<p>Cette petite tomme nous vient directement des Pyr\u00e9n\u00e9es o\u00f9 elle est fabriqu\u00e9e et affin\u00e9e 4 mois minimum. Sa texture semi-fondante et ses notes caprines en font un fromage\u00a0authentique qui reste relativement doux et subtile.<\/p>\n","protected":false},"excerpt":{"rendered":"<p>Cette petite tomme nous vient directement des Pyr\u00e9n\u00e9es o\u00f9 elle est fabriqu\u00e9e et affin\u00e9e 4 mois minimum. Sa [&hellip;]<\/p>\n","protected":false},"featured_media":15817,"template":"","meta":[],"product_cat":[16],"product_tag":[],"acf":[],"_links":{"self":[{"href":"https:\/\/fromagerie-tourrette.bigfamily.dev\/de\/wp-json\/wp\/v2\/product\/10541"}],"collection":[{"href":"https:\/\/fromagerie-tourrette.bigfamily.dev\/de\/wp-json\/wp\/v2\/product"}],"about":[{"href":"https:\/\/fromagerie-tourrette.bigfamily.dev\/de\/wp-json\/wp\/v2\/types\/product"}],"wp:featuredmedia":[{"embeddable":true,"href":"https:\/\/fromagerie-tourrette.bigfamily.dev\/de\/wp-json\/wp\/v2\/media\/15817"}],"wp:attachment":[{"href":"https:\/\/fromagerie-tourrette.bigfamily.dev\/de\/wp-json\/wp\/v2\/media?parent=10541"}],"wp:term":[{"taxonomy":"product_cat","embeddable":true,"href":"https:\/\/fromagerie-tourrette.bigfamily.dev\/de\/wp-json\/wp\/v2\/product_cat?post=10541"},{"taxonomy":"product_tag","embeddable":true,"href":"https:\/\/fromagerie-tourrette.bigfamily.dev\/de\/wp-json\/wp\/v2\/product_tag?post=10541"}],"curies":[{"name":"wp","href":"https:\/\/api.w.org\/{rel}","templated":true}]}}