{"id":1054,"date":"2018-11-02T11:52:14","date_gmt":"2018-11-02T10:52:14","guid":{"rendered":"http:\/\/shop.fromagerie-tourrette.com\/boutique\/produit\/cendre-de-niort\/"},"modified":"2024-02-02T15:28:39","modified_gmt":"2024-02-02T14:28:39","slug":"cendre-de-niort","status":"publish","type":"product","link":"https:\/\/fromagerie-tourrette.bigfamily.dev\/de\/produit\/cendre-de-niort\/","title":{"rendered":"Cendr\u00e9 de Niort"},"content":{"rendered":"<p>Fromage de ch\u00e8vre frais \u00e0 croute naturelle cendr\u00e9e, une p\u00e2te homog\u00e8ne et blanche, avec une l\u00e9g\u00e8re odeur caprine plus ou moins \u00e9vidente en fonction de l\u2019affinage.\u00a0Il est de la m\u00eame famille que la Bonde de Gatine. Un m\u00eame lait, un m\u00eame caill\u00e9 avec des formes et des \u00e2ges diff\u00e9rents vont ainsi g\u00e9n\u00e9rer des go\u00fbts diff\u00e9rents. Il est affin\u00e9 sur une feuille de ch\u00e2taignier, qui rappelle les nombreuses ch\u00e2taigneraies pr\u00e9sentes sur les terres de la G\u00e2tine&#8230;<\/p>\n<p>Env. 150g<\/p>\n<p>&nbsp;<\/p>\n","protected":false},"excerpt":{"rendered":"<p>Fromage de ch\u00e8vre frais \u00e0 croute naturelle cendr\u00e9e, une p\u00e2te homog\u00e8ne et blanche, avec une l\u00e9g\u00e8re odeur caprine [&hellip;]<\/p>\n","protected":false},"featured_media":100285,"template":"","meta":[],"product_cat":[16],"product_tag":[],"acf":[],"_links":{"self":[{"href":"https:\/\/fromagerie-tourrette.bigfamily.dev\/de\/wp-json\/wp\/v2\/product\/1054"}],"collection":[{"href":"https:\/\/fromagerie-tourrette.bigfamily.dev\/de\/wp-json\/wp\/v2\/product"}],"about":[{"href":"https:\/\/fromagerie-tourrette.bigfamily.dev\/de\/wp-json\/wp\/v2\/types\/product"}],"wp:featuredmedia":[{"embeddable":true,"href":"https:\/\/fromagerie-tourrette.bigfamily.dev\/de\/wp-json\/wp\/v2\/media\/100285"}],"wp:attachment":[{"href":"https:\/\/fromagerie-tourrette.bigfamily.dev\/de\/wp-json\/wp\/v2\/media?parent=1054"}],"wp:term":[{"taxonomy":"product_cat","embeddable":true,"href":"https:\/\/fromagerie-tourrette.bigfamily.dev\/de\/wp-json\/wp\/v2\/product_cat?post=1054"},{"taxonomy":"product_tag","embeddable":true,"href":"https:\/\/fromagerie-tourrette.bigfamily.dev\/de\/wp-json\/wp\/v2\/product_tag?post=1054"}],"curies":[{"name":"wp","href":"https:\/\/api.w.org\/{rel}","templated":true}]}}