{"id":1051,"date":"2018-11-02T11:52:04","date_gmt":"2018-11-02T10:52:04","guid":{"rendered":"http:\/\/shop.fromagerie-tourrette.com\/boutique\/produit\/catal-de-chevre\/"},"modified":"2024-01-18T13:40:56","modified_gmt":"2024-01-18T12:40:56","slug":"catal-de-chevre","status":"publish","type":"product","link":"https:\/\/fromagerie-tourrette.bigfamily.dev\/de\/produit\/catal-de-chevre\/","title":{"rendered":"Catal de ch\u00e8vre"},"content":{"rendered":"<p>Le Catal est un beau fromage fermier, au lait cru de ch\u00e8vre et \u00e0 la surface cendr\u00e9e. Une croix cathare est dessin\u00e9e en blanc au centre du fromage. Sa texture est fine et fondante voir coulante lorsqu&#8217;il est plus affin\u00e9.<\/p>\n","protected":false},"excerpt":{"rendered":"<p>Le Catal est un beau fromage fermier, au lait cru de ch\u00e8vre et \u00e0 la surface cendr\u00e9e. Une [&hellip;]<\/p>\n","protected":false},"featured_media":15931,"template":"","meta":[],"product_cat":[16],"product_tag":[],"acf":[],"_links":{"self":[{"href":"https:\/\/fromagerie-tourrette.bigfamily.dev\/de\/wp-json\/wp\/v2\/product\/1051"}],"collection":[{"href":"https:\/\/fromagerie-tourrette.bigfamily.dev\/de\/wp-json\/wp\/v2\/product"}],"about":[{"href":"https:\/\/fromagerie-tourrette.bigfamily.dev\/de\/wp-json\/wp\/v2\/types\/product"}],"wp:featuredmedia":[{"embeddable":true,"href":"https:\/\/fromagerie-tourrette.bigfamily.dev\/de\/wp-json\/wp\/v2\/media\/15931"}],"wp:attachment":[{"href":"https:\/\/fromagerie-tourrette.bigfamily.dev\/de\/wp-json\/wp\/v2\/media?parent=1051"}],"wp:term":[{"taxonomy":"product_cat","embeddable":true,"href":"https:\/\/fromagerie-tourrette.bigfamily.dev\/de\/wp-json\/wp\/v2\/product_cat?post=1051"},{"taxonomy":"product_tag","embeddable":true,"href":"https:\/\/fromagerie-tourrette.bigfamily.dev\/de\/wp-json\/wp\/v2\/product_tag?post=1051"}],"curies":[{"name":"wp","href":"https:\/\/api.w.org\/{rel}","templated":true}]}}