{"id":1044,"date":"2018-11-02T10:31:18","date_gmt":"2018-11-02T09:31:18","guid":{"rendered":"http:\/\/shop.fromagerie-tourrette.com\/boutique\/produit\/bleu-de-passeloup\/"},"modified":"2022-03-24T10:03:42","modified_gmt":"2022-03-24T09:03:42","slug":"bleu-de-passeloup","status":"publish","type":"product","link":"https:\/\/fromagerie-tourrette.bigfamily.dev\/de\/produit\/bleu-de-passeloup\/","title":{"rendered":"Bleu de passeloup"},"content":{"rendered":"<p>Le Bleu de Passseloup est un produit rare et surprenant qui se distingue des autres fromages \u00e0 p\u00e2te persill\u00e9e : des ar\u00f4mes sp\u00e9cifiques de la flore dont les ch\u00e8vres sont nourries et une texture ferme et fondante. Les veinures internes ne sont pas trop prononc\u00e9es. L\u2019ar\u00f4me qui s\u2019en d\u00e9gage est doux et fruit\u00e9 et devient plus prononc\u00e9 avec l\u2019\u00e2ge.<\/p>\n","protected":false},"excerpt":{"rendered":"<p>Le Bleu de Passseloup est un produit rare et surprenant qui se distingue des autres fromages \u00e0 p\u00e2te [&hellip;]<\/p>\n","protected":false},"featured_media":15937,"template":"","meta":[],"product_cat":[16],"product_tag":[],"acf":[],"_links":{"self":[{"href":"https:\/\/fromagerie-tourrette.bigfamily.dev\/de\/wp-json\/wp\/v2\/product\/1044"}],"collection":[{"href":"https:\/\/fromagerie-tourrette.bigfamily.dev\/de\/wp-json\/wp\/v2\/product"}],"about":[{"href":"https:\/\/fromagerie-tourrette.bigfamily.dev\/de\/wp-json\/wp\/v2\/types\/product"}],"wp:featuredmedia":[{"embeddable":true,"href":"https:\/\/fromagerie-tourrette.bigfamily.dev\/de\/wp-json\/wp\/v2\/media\/15937"}],"wp:attachment":[{"href":"https:\/\/fromagerie-tourrette.bigfamily.dev\/de\/wp-json\/wp\/v2\/media?parent=1044"}],"wp:term":[{"taxonomy":"product_cat","embeddable":true,"href":"https:\/\/fromagerie-tourrette.bigfamily.dev\/de\/wp-json\/wp\/v2\/product_cat?post=1044"},{"taxonomy":"product_tag","embeddable":true,"href":"https:\/\/fromagerie-tourrette.bigfamily.dev\/de\/wp-json\/wp\/v2\/product_tag?post=1044"}],"curies":[{"name":"wp","href":"https:\/\/api.w.org\/{rel}","templated":true}]}}