{"id":10405,"date":"2021-03-16T17:10:28","date_gmt":"2021-03-16T16:10:28","guid":{"rendered":"https:\/\/www.fromagerie-tourrette.com\/?post_type=product&#038;p=10405"},"modified":"2023-07-13T13:40:17","modified_gmt":"2023-07-13T11:40:17","slug":"piece-montee-fromages-entiers","status":"publish","type":"product","link":"https:\/\/fromagerie-tourrette.bigfamily.dev\/de\/produit\/piece-montee-fromages-entiers\/","title":{"rendered":"Pi\u00e8ce mont\u00e9e sur mesure"},"content":{"rendered":"<p>Pi\u00e8ce mont\u00e9e enti\u00e8rement r\u00e9alis\u00e9e sur mesure, selon vos go\u00fbts et le nombre de convives, pour faire du fromage un moment d&#8217;exception lors de vos \u00e9v\u00e9nements !<\/p>\n<p>Prix sur demande<\/p>\n","protected":false},"excerpt":{"rendered":"<p>Pi\u00e8ce mont\u00e9e enti\u00e8rement r\u00e9alis\u00e9e sur mesure, selon vos go\u00fbts et le nombre de convives, pour faire du fromage [&hellip;]<\/p>\n","protected":false},"featured_media":10409,"template":"","meta":[],"product_cat":[160,156],"product_tag":[],"acf":[],"_links":{"self":[{"href":"https:\/\/fromagerie-tourrette.bigfamily.dev\/de\/wp-json\/wp\/v2\/product\/10405"}],"collection":[{"href":"https:\/\/fromagerie-tourrette.bigfamily.dev\/de\/wp-json\/wp\/v2\/product"}],"about":[{"href":"https:\/\/fromagerie-tourrette.bigfamily.dev\/de\/wp-json\/wp\/v2\/types\/product"}],"wp:featuredmedia":[{"embeddable":true,"href":"https:\/\/fromagerie-tourrette.bigfamily.dev\/de\/wp-json\/wp\/v2\/media\/10409"}],"wp:attachment":[{"href":"https:\/\/fromagerie-tourrette.bigfamily.dev\/de\/wp-json\/wp\/v2\/media?parent=10405"}],"wp:term":[{"taxonomy":"product_cat","embeddable":true,"href":"https:\/\/fromagerie-tourrette.bigfamily.dev\/de\/wp-json\/wp\/v2\/product_cat?post=10405"},{"taxonomy":"product_tag","embeddable":true,"href":"https:\/\/fromagerie-tourrette.bigfamily.dev\/de\/wp-json\/wp\/v2\/product_tag?post=10405"}],"curies":[{"name":"wp","href":"https:\/\/api.w.org\/{rel}","templated":true}]}}