{"id":1040,"date":"2018-11-02T10:31:05","date_gmt":"2018-11-02T09:31:05","guid":{"rendered":"http:\/\/shop.fromagerie-tourrette.com\/boutique\/produit\/shropshire-tradition\/"},"modified":"2023-01-20T12:08:03","modified_gmt":"2023-01-20T11:08:03","slug":"shropshire-tradition","status":"publish","type":"product","link":"https:\/\/fromagerie-tourrette.bigfamily.dev\/de\/produit\/shropshire-tradition\/","title":{"rendered":"Shropshire Tradition"},"content":{"rendered":"<p>Le shropshire Blue pourrait sonner comme le nom d\u2019un vieux fromage anglais , traditionnel, pourtant il s\u2019agit d\u2019un formage invent\u00e9 en 1930 par un \u00e9leveur du Cheshire, Denis Bigging. La pr\u00e9sure est d\u2019origine animale ce qui n\u2019est pas syst\u00e9matique car son utilisation est difficile mais le r\u00e9sultat est excellent. Fromage original par son aspect et typ\u00e9 du bleu.<\/p>\n","protected":false},"excerpt":{"rendered":"<p>Le shropshire Blue pourrait sonner comme le nom d\u2019un vieux fromage anglais , traditionnel, pourtant il s\u2019agit d\u2019un [&hellip;]<\/p>\n","protected":false},"featured_media":15943,"template":"","meta":[],"product_cat":[16],"product_tag":[],"acf":[],"_links":{"self":[{"href":"https:\/\/fromagerie-tourrette.bigfamily.dev\/de\/wp-json\/wp\/v2\/product\/1040"}],"collection":[{"href":"https:\/\/fromagerie-tourrette.bigfamily.dev\/de\/wp-json\/wp\/v2\/product"}],"about":[{"href":"https:\/\/fromagerie-tourrette.bigfamily.dev\/de\/wp-json\/wp\/v2\/types\/product"}],"wp:featuredmedia":[{"embeddable":true,"href":"https:\/\/fromagerie-tourrette.bigfamily.dev\/de\/wp-json\/wp\/v2\/media\/15943"}],"wp:attachment":[{"href":"https:\/\/fromagerie-tourrette.bigfamily.dev\/de\/wp-json\/wp\/v2\/media?parent=1040"}],"wp:term":[{"taxonomy":"product_cat","embeddable":true,"href":"https:\/\/fromagerie-tourrette.bigfamily.dev\/de\/wp-json\/wp\/v2\/product_cat?post=1040"},{"taxonomy":"product_tag","embeddable":true,"href":"https:\/\/fromagerie-tourrette.bigfamily.dev\/de\/wp-json\/wp\/v2\/product_tag?post=1040"}],"curies":[{"name":"wp","href":"https:\/\/api.w.org\/{rel}","templated":true}]}}