{"id":1038,"date":"2018-11-02T10:30:57","date_gmt":"2018-11-02T09:30:57","guid":{"rendered":"http:\/\/shop.fromagerie-tourrette.com\/boutique\/produit\/roquefort-artisanal-aop-coupe\/"},"modified":"2024-01-18T13:42:30","modified_gmt":"2024-01-18T12:42:30","slug":"roquefort-artisanal-aop-coupe","status":"publish","type":"product","link":"https:\/\/fromagerie-tourrette.bigfamily.dev\/de\/produit\/roquefort-artisanal-aop-coupe\/","title":{"rendered":"Roquefort Artisanal AOP Coupe"},"content":{"rendered":"<p>Pour conserver toute la finesse de sa texture, le Roquefort se conserve au frais et doit toujours \u00eatre isol\u00e9 de l\u2019air ambiant. Afin d\u2019exhaler parfums subtils et saveurs d\u00e9licates, il est recommand\u00e9 de laisser le Roquefort 1h et plus, \u00e0 temp\u00e9rature ambiante avant d\u00e9gustation. Trop froid, il perd de son fondant et de ses ar\u00f4mes typ\u00e9s de bleu.<\/p>\n","protected":false},"excerpt":{"rendered":"<p>Pour conserver toute la finesse de sa texture, le Roquefort se conserve au frais et doit toujours \u00eatre [&hellip;]<\/p>\n","protected":false},"featured_media":15946,"template":"","meta":[],"product_cat":[16],"product_tag":[],"acf":[],"_links":{"self":[{"href":"https:\/\/fromagerie-tourrette.bigfamily.dev\/de\/wp-json\/wp\/v2\/product\/1038"}],"collection":[{"href":"https:\/\/fromagerie-tourrette.bigfamily.dev\/de\/wp-json\/wp\/v2\/product"}],"about":[{"href":"https:\/\/fromagerie-tourrette.bigfamily.dev\/de\/wp-json\/wp\/v2\/types\/product"}],"wp:featuredmedia":[{"embeddable":true,"href":"https:\/\/fromagerie-tourrette.bigfamily.dev\/de\/wp-json\/wp\/v2\/media\/15946"}],"wp:attachment":[{"href":"https:\/\/fromagerie-tourrette.bigfamily.dev\/de\/wp-json\/wp\/v2\/media?parent=1038"}],"wp:term":[{"taxonomy":"product_cat","embeddable":true,"href":"https:\/\/fromagerie-tourrette.bigfamily.dev\/de\/wp-json\/wp\/v2\/product_cat?post=1038"},{"taxonomy":"product_tag","embeddable":true,"href":"https:\/\/fromagerie-tourrette.bigfamily.dev\/de\/wp-json\/wp\/v2\/product_tag?post=1038"}],"curies":[{"name":"wp","href":"https:\/\/api.w.org\/{rel}","templated":true}]}}