{"id":1034,"date":"2018-11-02T10:30:44","date_gmt":"2018-11-02T09:30:44","guid":{"rendered":"http:\/\/shop.fromagerie-tourrette.com\/boutique\/produit\/fourme-dambert-aop\/"},"modified":"2024-01-18T13:43:04","modified_gmt":"2024-01-18T12:43:04","slug":"fourme-dambert-aop","status":"publish","type":"product","link":"https:\/\/fromagerie-tourrette.bigfamily.dev\/de\/produit\/fourme-dambert-aop\/","title":{"rendered":"Fourme d&#8217;Ambert AOP"},"content":{"rendered":"<p>Le caill\u00e9 empr\u00e9sur\u00e9 \u00e0 chaud est d\u00e9coup\u00e9 et brass\u00e9 \u00e0 la main, moul\u00e9 et sal\u00e9 ; apr\u00e8s \u00e9gouttage et retournements, le piquage va favoriser la \u00ab pousse \u00bb du bleu. L\u2019afffinage dure au moins 40 jours. En forme de haut cylindre, la cro\u00fbte est s\u00e8che, gris\u00e2tre ou jaun\u00e2tre, parsem\u00e9e de t\u00e2ches rouges et\/ou oranges. La p\u00e2te est ferme et ses saveurs sont d\u00e9licates.<\/p>\n","protected":false},"excerpt":{"rendered":"<p>Le caill\u00e9 empr\u00e9sur\u00e9 \u00e0 chaud est d\u00e9coup\u00e9 et brass\u00e9 \u00e0 la main, moul\u00e9 et sal\u00e9 ; apr\u00e8s \u00e9gouttage [&hellip;]<\/p>\n","protected":false},"featured_media":15952,"template":"","meta":[],"product_cat":[16],"product_tag":[],"acf":[],"_links":{"self":[{"href":"https:\/\/fromagerie-tourrette.bigfamily.dev\/de\/wp-json\/wp\/v2\/product\/1034"}],"collection":[{"href":"https:\/\/fromagerie-tourrette.bigfamily.dev\/de\/wp-json\/wp\/v2\/product"}],"about":[{"href":"https:\/\/fromagerie-tourrette.bigfamily.dev\/de\/wp-json\/wp\/v2\/types\/product"}],"wp:featuredmedia":[{"embeddable":true,"href":"https:\/\/fromagerie-tourrette.bigfamily.dev\/de\/wp-json\/wp\/v2\/media\/15952"}],"wp:attachment":[{"href":"https:\/\/fromagerie-tourrette.bigfamily.dev\/de\/wp-json\/wp\/v2\/media?parent=1034"}],"wp:term":[{"taxonomy":"product_cat","embeddable":true,"href":"https:\/\/fromagerie-tourrette.bigfamily.dev\/de\/wp-json\/wp\/v2\/product_cat?post=1034"},{"taxonomy":"product_tag","embeddable":true,"href":"https:\/\/fromagerie-tourrette.bigfamily.dev\/de\/wp-json\/wp\/v2\/product_tag?post=1034"}],"curies":[{"name":"wp","href":"https:\/\/api.w.org\/{rel}","templated":true}]}}