{"id":1020,"date":"2018-11-02T10:29:52","date_gmt":"2018-11-02T09:29:52","guid":{"rendered":"http:\/\/shop.fromagerie-tourrette.com\/boutique\/produit\/vacherin-fribourgeois-aop\/"},"modified":"2024-01-18T15:26:56","modified_gmt":"2024-01-18T14:26:56","slug":"vacherin-fribourgeois-aop","status":"publish","type":"product","link":"https:\/\/fromagerie-tourrette.bigfamily.dev\/de\/produit\/vacherin-fribourgeois-aop\/","title":{"rendered":"Vacherin Fribourgeois AOP"},"content":{"rendered":"<p>Le talon de la meule est entour\u00e9 d\u2019une bande de maintien destin\u00e9e \u00e0 \u00ab\u00a0cercler\u00a0\u00bb le fromage. Il est choy\u00e9 par de nombreux brossages \u00e0 l\u2019eau sal\u00e9e qu vont faire venir \u00ab la morge \u00bb de la cro\u00fbte et participer \u00e0 la formation d\u2019un go\u00fbt intense et g\u00e9n\u00e9reux.<\/p>\n","protected":false},"excerpt":{"rendered":"<p>Le talon de la meule est entour\u00e9 d\u2019une bande de maintien destin\u00e9e \u00e0 \u00ab\u00a0cercler\u00a0\u00bb le fromage. Il est [&hellip;]<\/p>\n","protected":false},"featured_media":15964,"template":"","meta":[],"product_cat":[16],"product_tag":[],"acf":[],"_links":{"self":[{"href":"https:\/\/fromagerie-tourrette.bigfamily.dev\/de\/wp-json\/wp\/v2\/product\/1020"}],"collection":[{"href":"https:\/\/fromagerie-tourrette.bigfamily.dev\/de\/wp-json\/wp\/v2\/product"}],"about":[{"href":"https:\/\/fromagerie-tourrette.bigfamily.dev\/de\/wp-json\/wp\/v2\/types\/product"}],"wp:featuredmedia":[{"embeddable":true,"href":"https:\/\/fromagerie-tourrette.bigfamily.dev\/de\/wp-json\/wp\/v2\/media\/15964"}],"wp:attachment":[{"href":"https:\/\/fromagerie-tourrette.bigfamily.dev\/de\/wp-json\/wp\/v2\/media?parent=1020"}],"wp:term":[{"taxonomy":"product_cat","embeddable":true,"href":"https:\/\/fromagerie-tourrette.bigfamily.dev\/de\/wp-json\/wp\/v2\/product_cat?post=1020"},{"taxonomy":"product_tag","embeddable":true,"href":"https:\/\/fromagerie-tourrette.bigfamily.dev\/de\/wp-json\/wp\/v2\/product_tag?post=1020"}],"curies":[{"name":"wp","href":"https:\/\/api.w.org\/{rel}","templated":true}]}}