{"id":1017,"date":"2018-11-02T10:29:39","date_gmt":"2018-11-02T09:29:39","guid":{"rendered":"http:\/\/shop.fromagerie-tourrette.com\/boutique\/produit\/fleur-despelette-2\/"},"modified":"2023-01-19T11:27:04","modified_gmt":"2023-01-19T10:27:04","slug":"fleur-despelette-2","status":"publish","type":"product","link":"https:\/\/fromagerie-tourrette.bigfamily.dev\/de\/produit\/fleur-despelette-2\/","title":{"rendered":"Fleur d&#8217;Espelette"},"content":{"rendered":"<p>Fromage de brebis, de la m\u00eame taille que la &#8220;t\u00eate de moine&#8221;. Le piment d&#8217;Espelette est incorpor\u00e9 directement au caill\u00e9. Ainsi, on retrouve la typicit\u00e9 du brebis avec la subtilit\u00e9 du piment. A d\u00e9guster en tranche ou en &#8220;fleur&#8221;.<\/p>\n","protected":false},"excerpt":{"rendered":"<p>Fromage de brebis, de la m\u00eame taille que la &#8220;t\u00eate de moine&#8221;. Le piment d&#8217;Espelette est incorpor\u00e9 directement [&hellip;]<\/p>\n","protected":false},"featured_media":15967,"template":"","meta":[],"product_cat":[16],"product_tag":[],"acf":[],"_links":{"self":[{"href":"https:\/\/fromagerie-tourrette.bigfamily.dev\/de\/wp-json\/wp\/v2\/product\/1017"}],"collection":[{"href":"https:\/\/fromagerie-tourrette.bigfamily.dev\/de\/wp-json\/wp\/v2\/product"}],"about":[{"href":"https:\/\/fromagerie-tourrette.bigfamily.dev\/de\/wp-json\/wp\/v2\/types\/product"}],"wp:featuredmedia":[{"embeddable":true,"href":"https:\/\/fromagerie-tourrette.bigfamily.dev\/de\/wp-json\/wp\/v2\/media\/15967"}],"wp:attachment":[{"href":"https:\/\/fromagerie-tourrette.bigfamily.dev\/de\/wp-json\/wp\/v2\/media?parent=1017"}],"wp:term":[{"taxonomy":"product_cat","embeddable":true,"href":"https:\/\/fromagerie-tourrette.bigfamily.dev\/de\/wp-json\/wp\/v2\/product_cat?post=1017"},{"taxonomy":"product_tag","embeddable":true,"href":"https:\/\/fromagerie-tourrette.bigfamily.dev\/de\/wp-json\/wp\/v2\/product_tag?post=1017"}],"curies":[{"name":"wp","href":"https:\/\/api.w.org\/{rel}","templated":true}]}}