{"id":1000,"date":"2018-11-02T10:28:18","date_gmt":"2018-11-02T09:28:18","guid":{"rendered":"http:\/\/shop.fromagerie-tourrette.com\/boutique\/produit\/tomme-aux-fleurs\/"},"modified":"2024-01-18T14:02:04","modified_gmt":"2024-01-18T13:02:04","slug":"tomme-aux-fleurs","status":"publish","type":"product","link":"https:\/\/fromagerie-tourrette.bigfamily.dev\/de\/produit\/tomme-aux-fleurs\/","title":{"rendered":"Tomme aux fleurs"},"content":{"rendered":"<p>Cette tomme a la particularit\u00e9 d\u2019\u00eatre enrob\u00e9e de fleurs de printemps (comestibles, d\u00e9shydrat\u00e9es). Mauve, bleuet, soucis, fouin, saflor, fraise, et rose lui donnent un ar\u00f4me original surprenant.<\/p>\n","protected":false},"excerpt":{"rendered":"<p>Cette tomme a la particularit\u00e9 d\u2019\u00eatre enrob\u00e9e de fleurs de printemps (comestibles, d\u00e9shydrat\u00e9es). Mauve, bleuet, soucis, fouin, saflor, [&hellip;]<\/p>\n","protected":false},"featured_media":15985,"template":"","meta":[],"product_cat":[16],"product_tag":[],"acf":[],"_links":{"self":[{"href":"https:\/\/fromagerie-tourrette.bigfamily.dev\/de\/wp-json\/wp\/v2\/product\/1000"}],"collection":[{"href":"https:\/\/fromagerie-tourrette.bigfamily.dev\/de\/wp-json\/wp\/v2\/product"}],"about":[{"href":"https:\/\/fromagerie-tourrette.bigfamily.dev\/de\/wp-json\/wp\/v2\/types\/product"}],"wp:featuredmedia":[{"embeddable":true,"href":"https:\/\/fromagerie-tourrette.bigfamily.dev\/de\/wp-json\/wp\/v2\/media\/15985"}],"wp:attachment":[{"href":"https:\/\/fromagerie-tourrette.bigfamily.dev\/de\/wp-json\/wp\/v2\/media?parent=1000"}],"wp:term":[{"taxonomy":"product_cat","embeddable":true,"href":"https:\/\/fromagerie-tourrette.bigfamily.dev\/de\/wp-json\/wp\/v2\/product_cat?post=1000"},{"taxonomy":"product_tag","embeddable":true,"href":"https:\/\/fromagerie-tourrette.bigfamily.dev\/de\/wp-json\/wp\/v2\/product_tag?post=1000"}],"curies":[{"name":"wp","href":"https:\/\/api.w.org\/{rel}","templated":true}]}}