{"id":6536,"date":"2018-10-19T17:37:55","date_gmt":"2018-10-19T15:37:55","guid":{"rendered":"https:\/\/www.fromagerie-tourrette.com\/bienvenue\/"},"modified":"2024-03-07T15:03:14","modified_gmt":"2024-03-07T14:03:14","slug":"bienvenue","status":"publish","type":"page","link":"https:\/\/fromagerie-tourrette.bigfamily.dev\/de\/","title":{"rendered":"Accueil"},"content":{"rendered":"    <div id=\"hero-slideshow-block_a97f31fb81acfd6c4572053c26406816\" class=\"block-g hero-slideshow alignwide px-0 mt-0\">\r\n        <div class=\"owl-carousel owl-theme d-none d-lg-block\">\r\n                            <div>\r\n                                    <a href=\"https:\/\/www.fromagerie-tourrette.com\/boutique\/categorie\/nos-plateaux\/\"><img width=\"1440\" height=\"465\" src=\"https:\/\/fromagerie-tourrette.bigfamily.dev\/wp-content\/uploads\/2020\/06\/home-slide-1-1440x465.jpg\" class=\"w-100\" alt=\"Boutique en ligne\" decoding=\"async\" loading=\"lazy\" srcset=\"https:\/\/fromagerie-tourrette.bigfamily.dev\/wp-content\/uploads\/2020\/06\/home-slide-1-1440x465.jpg 1440w, https:\/\/fromagerie-tourrette.bigfamily.dev\/wp-content\/uploads\/2020\/06\/home-slide-1-555x179.jpg 555w, https:\/\/fromagerie-tourrette.bigfamily.dev\/wp-content\/uploads\/2020\/06\/home-slide-1-1110x359.jpg 1110w, https:\/\/fromagerie-tourrette.bigfamily.dev\/wp-content\/uploads\/2020\/06\/home-slide-1-768x248.jpg 768w, https:\/\/fromagerie-tourrette.bigfamily.dev\/wp-content\/uploads\/2020\/06\/home-slide-1-1536x496.jpg 1536w, https:\/\/fromagerie-tourrette.bigfamily.dev\/wp-content\/uploads\/2020\/06\/home-slide-1-2048x662.jpg 2048w, https:\/\/fromagerie-tourrette.bigfamily.dev\/wp-content\/uploads\/2020\/06\/home-slide-1-80x26.jpg 80w, https:\/\/fromagerie-tourrette.bigfamily.dev\/wp-content\/uploads\/2020\/06\/home-slide-1-640x207.jpg 640w, https:\/\/fromagerie-tourrette.bigfamily.dev\/wp-content\/uploads\/2020\/06\/home-slide-1-100x32.jpg 100w\" sizes=\"(max-width: 1440px) 100vw, 1440px\" \/><\/a>\r\n                                <\/div>\r\n                            <div>\r\n                                    <a href=\"https:\/\/www.fromagerie-tourrette.com\/produit\/fleur-despelette-2\/\"><img width=\"1440\" height=\"465\" src=\"https:\/\/fromagerie-tourrette.bigfamily.dev\/wp-content\/uploads\/2021\/01\/Fleur-de-tete-de-moine-cloche-a-fromage--1440x465.jpg\" class=\"w-100\" alt=\"Fleur de t\u00eate de moine cloche \u00e0 fromage\" decoding=\"async\" loading=\"lazy\" srcset=\"https:\/\/fromagerie-tourrette.bigfamily.dev\/wp-content\/uploads\/2021\/01\/Fleur-de-tete-de-moine-cloche-a-fromage--1440x465.jpg 1440w, https:\/\/fromagerie-tourrette.bigfamily.dev\/wp-content\/uploads\/2021\/01\/Fleur-de-tete-de-moine-cloche-a-fromage--555x180.jpg 555w, https:\/\/fromagerie-tourrette.bigfamily.dev\/wp-content\/uploads\/2021\/01\/Fleur-de-tete-de-moine-cloche-a-fromage--1110x359.jpg 1110w, https:\/\/fromagerie-tourrette.bigfamily.dev\/wp-content\/uploads\/2021\/01\/Fleur-de-tete-de-moine-cloche-a-fromage--768x249.jpg 768w, https:\/\/fromagerie-tourrette.bigfamily.dev\/wp-content\/uploads\/2021\/01\/Fleur-de-tete-de-moine-cloche-a-fromage--1536x497.jpg 1536w, https:\/\/fromagerie-tourrette.bigfamily.dev\/wp-content\/uploads\/2021\/01\/Fleur-de-tete-de-moine-cloche-a-fromage--2048x663.jpg 2048w, https:\/\/fromagerie-tourrette.bigfamily.dev\/wp-content\/uploads\/2021\/01\/Fleur-de-tete-de-moine-cloche-a-fromage--80x26.jpg 80w, https:\/\/fromagerie-tourrette.bigfamily.dev\/wp-content\/uploads\/2021\/01\/Fleur-de-tete-de-moine-cloche-a-fromage--640x207.jpg 640w, https:\/\/fromagerie-tourrette.bigfamily.dev\/wp-content\/uploads\/2021\/01\/Fleur-de-tete-de-moine-cloche-a-fromage--100x32.jpg 100w\" sizes=\"(max-width: 1440px) 100vw, 1440px\" \/><\/a>\r\n                                <\/div>\r\n                            <div>\r\n                                    <a href=\"https:\/\/www.fromagerie-tourrette.com\/points-de-vente\/\"><img width=\"1440\" height=\"465\" src=\"https:\/\/fromagerie-tourrette.bigfamily.dev\/wp-content\/uploads\/2021\/01\/signature-noyer-2-1440x465.jpg\" class=\"w-100\" alt=\"Ren\u00e9 Tourrette Noyer boutique\" decoding=\"async\" loading=\"lazy\" srcset=\"https:\/\/fromagerie-tourrette.bigfamily.dev\/wp-content\/uploads\/2021\/01\/signature-noyer-2-1440x465.jpg 1440w, https:\/\/fromagerie-tourrette.bigfamily.dev\/wp-content\/uploads\/2021\/01\/signature-noyer-2-555x179.jpg 555w, https:\/\/fromagerie-tourrette.bigfamily.dev\/wp-content\/uploads\/2021\/01\/signature-noyer-2-1110x358.jpg 1110w, https:\/\/fromagerie-tourrette.bigfamily.dev\/wp-content\/uploads\/2021\/01\/signature-noyer-2-768x248.jpg 768w, https:\/\/fromagerie-tourrette.bigfamily.dev\/wp-content\/uploads\/2021\/01\/signature-noyer-2-1536x496.jpg 1536w, https:\/\/fromagerie-tourrette.bigfamily.dev\/wp-content\/uploads\/2021\/01\/signature-noyer-2-2048x661.jpg 2048w, https:\/\/fromagerie-tourrette.bigfamily.dev\/wp-content\/uploads\/2021\/01\/signature-noyer-2-80x26.jpg 80w, https:\/\/fromagerie-tourrette.bigfamily.dev\/wp-content\/uploads\/2021\/01\/signature-noyer-2-640x207.jpg 640w, https:\/\/fromagerie-tourrette.bigfamily.dev\/wp-content\/uploads\/2021\/01\/signature-noyer-2-100x32.jpg 100w\" sizes=\"(max-width: 1440px) 100vw, 1440px\" \/><\/a>\r\n                                <\/div>\r\n                            <div>\r\n                                    <a href=\"https:\/\/www.fromagerie-tourrette.com\/points-de-vente\/\"><img width=\"1440\" height=\"465\" src=\"https:\/\/fromagerie-tourrette.bigfamily.dev\/wp-content\/uploads\/2021\/01\/cloche-a-fromage-obernai-1440x465.jpg\" class=\"w-100\" alt=\"Boutique cloche \u00e0 fromage Obernai\" decoding=\"async\" loading=\"lazy\" srcset=\"https:\/\/fromagerie-tourrette.bigfamily.dev\/wp-content\/uploads\/2021\/01\/cloche-a-fromage-obernai-1440x465.jpg 1440w, https:\/\/fromagerie-tourrette.bigfamily.dev\/wp-content\/uploads\/2021\/01\/cloche-a-fromage-obernai-555x180.jpg 555w, https:\/\/fromagerie-tourrette.bigfamily.dev\/wp-content\/uploads\/2021\/01\/cloche-a-fromage-obernai-1110x359.jpg 1110w, https:\/\/fromagerie-tourrette.bigfamily.dev\/wp-content\/uploads\/2021\/01\/cloche-a-fromage-obernai-768x248.jpg 768w, https:\/\/fromagerie-tourrette.bigfamily.dev\/wp-content\/uploads\/2021\/01\/cloche-a-fromage-obernai-1536x497.jpg 1536w, https:\/\/fromagerie-tourrette.bigfamily.dev\/wp-content\/uploads\/2021\/01\/cloche-a-fromage-obernai-2048x662.jpg 2048w, https:\/\/fromagerie-tourrette.bigfamily.dev\/wp-content\/uploads\/2021\/01\/cloche-a-fromage-obernai-80x26.jpg 80w, https:\/\/fromagerie-tourrette.bigfamily.dev\/wp-content\/uploads\/2021\/01\/cloche-a-fromage-obernai-640x207.jpg 640w, https:\/\/fromagerie-tourrette.bigfamily.dev\/wp-content\/uploads\/2021\/01\/cloche-a-fromage-obernai-100x32.jpg 100w\" sizes=\"(max-width: 1440px) 100vw, 1440px\" \/><\/a>\r\n                                <\/div>\r\n                            <div>\r\n                                    <a href=\"https:\/\/www.fromagerie-tourrette.com\/la-cave-daffinage\/\"><img width=\"1440\" height=\"465\" src=\"https:\/\/fromagerie-tourrette.bigfamily.dev\/wp-content\/uploads\/2021\/01\/affinage-cloche-a-fromage-2-1440x465.jpg\" class=\"w-100\" alt=\"Cave affinage cloche \u00e0 fromage\" decoding=\"async\" loading=\"lazy\" srcset=\"https:\/\/fromagerie-tourrette.bigfamily.dev\/wp-content\/uploads\/2021\/01\/affinage-cloche-a-fromage-2-1440x465.jpg 1440w, https:\/\/fromagerie-tourrette.bigfamily.dev\/wp-content\/uploads\/2021\/01\/affinage-cloche-a-fromage-2-555x180.jpg 555w, https:\/\/fromagerie-tourrette.bigfamily.dev\/wp-content\/uploads\/2021\/01\/affinage-cloche-a-fromage-2-1110x359.jpg 1110w, https:\/\/fromagerie-tourrette.bigfamily.dev\/wp-content\/uploads\/2021\/01\/affinage-cloche-a-fromage-2-768x249.jpg 768w, https:\/\/fromagerie-tourrette.bigfamily.dev\/wp-content\/uploads\/2021\/01\/affinage-cloche-a-fromage-2-1536x497.jpg 1536w, https:\/\/fromagerie-tourrette.bigfamily.dev\/wp-content\/uploads\/2021\/01\/affinage-cloche-a-fromage-2-2048x663.jpg 2048w, https:\/\/fromagerie-tourrette.bigfamily.dev\/wp-content\/uploads\/2021\/01\/affinage-cloche-a-fromage-2-80x26.jpg 80w, https:\/\/fromagerie-tourrette.bigfamily.dev\/wp-content\/uploads\/2021\/01\/affinage-cloche-a-fromage-2-640x207.jpg 640w, https:\/\/fromagerie-tourrette.bigfamily.dev\/wp-content\/uploads\/2021\/01\/affinage-cloche-a-fromage-2-100x32.jpg 100w\" sizes=\"(max-width: 1440px) 100vw, 1440px\" \/><\/a>\r\n                                <\/div>\r\n                    <\/div>\r\n        <div class=\"owl-carousel owl-theme d-block d-lg-none\">\r\n                            <div class=\"d-block \">\r\n                                                                <a href=\"https:\/\/www.fromagerie-tourrette.com\/boutique\/categorie\/nos-plateaux\/\"><img width=\"780\" height=\"465\" src=\"https:\/\/fromagerie-tourrette.bigfamily.dev\/wp-content\/uploads\/2019\/05\/slide-1-mobile-780x465.jpg\" class=\"attachment-home-banner-mobile size-home-banner-mobile\" alt=\"Boutique en ligne\" decoding=\"async\" loading=\"lazy\" srcset=\"https:\/\/fromagerie-tourrette.bigfamily.dev\/wp-content\/uploads\/2019\/05\/slide-1-mobile-780x465.jpg 780w, https:\/\/fromagerie-tourrette.bigfamily.dev\/wp-content\/uploads\/2019\/05\/slide-1-mobile-555x331.jpg 555w, https:\/\/fromagerie-tourrette.bigfamily.dev\/wp-content\/uploads\/2019\/05\/slide-1-mobile-768x458.jpg 768w, https:\/\/fromagerie-tourrette.bigfamily.dev\/wp-content\/uploads\/2019\/05\/slide-1-mobile-80x48.jpg 80w, https:\/\/fromagerie-tourrette.bigfamily.dev\/wp-content\/uploads\/2019\/05\/slide-1-mobile-640x382.jpg 640w, https:\/\/fromagerie-tourrette.bigfamily.dev\/wp-content\/uploads\/2019\/05\/slide-1-mobile-100x60.jpg 100w, https:\/\/fromagerie-tourrette.bigfamily.dev\/wp-content\/uploads\/2019\/05\/slide-1-mobile.jpg 992w\" sizes=\"(max-width: 780px) 100vw, 780px\" \/><\/a>\r\n                                                                <div class=\"legende\">\r\n                            <p>Tous vos fromages servis sur un plateau<\/p>\r\n                        <\/div>\r\n                        <p class=\"readmore text-right\"><a class=\"btn\" href=\"https:\/\/www.fromagerie-tourrette.com\/boutique\/categorie\/nos-plateaux\/\">Voir les offres<\/a><\/p>\r\n                                    <\/div>\r\n                            <div class=\"d-block \">\r\n                                                                <a href=\"https:\/\/www.fromagerie-tourrette.com\/produit\/fleur-despelette-2\/\"><img width=\"780\" height=\"465\" src=\"https:\/\/fromagerie-tourrette.bigfamily.dev\/wp-content\/uploads\/2021\/01\/Fleur-de-tete-de-moine-cloche-a-fromage--780x465.jpg\" class=\"attachment-home-banner-mobile size-home-banner-mobile\" alt=\"Fleur de t\u00eate de moine cloche \u00e0 fromage\" decoding=\"async\" loading=\"lazy\" \/><\/a>\r\n                                                                <div class=\"legende\">\r\n                            <p>https:\/\/www.fromagerie-tourrette.com\/produit\/fleur-despelette-2\/<\/p>\r\n                        <\/div>\r\n                        <p class=\"readmore text-right\"><a class=\"btn\" href=\"https:\/\/www.fromagerie-tourrette.com\/produit\/fleur-despelette-2\/\">Cave d&#8217;affinage<\/a><\/p>\r\n                                    <\/div>\r\n                            <div class=\"d-block \">\r\n                                                                <a href=\"https:\/\/www.fromagerie-tourrette.com\/points-de-vente\/\"><img width=\"780\" height=\"465\" src=\"https:\/\/fromagerie-tourrette.bigfamily.dev\/wp-content\/uploads\/2021\/01\/signature-noyer-2-780x465.jpg\" class=\"attachment-home-banner-mobile size-home-banner-mobile\" alt=\"Ren\u00e9 Tourrette Noyer boutique\" decoding=\"async\" loading=\"lazy\" \/><\/a>\r\n                                                                <div class=\"legende\">\r\n                            <p>https:\/\/www.fromagerie-tourrette.com\/points-de-vente\/<\/p>\r\n                        <\/div>\r\n                        <p class=\"readmore text-right\"><a class=\"btn\" href=\"https:\/\/www.fromagerie-tourrette.com\/points-de-vente\/\">Nos points de vente<\/a><\/p>\r\n                                    <\/div>\r\n                            <div class=\"d-block \">\r\n                                                                <a href=\"https:\/\/www.fromagerie-tourrette.com\/points-de-vente\/\"><img width=\"780\" height=\"465\" src=\"https:\/\/fromagerie-tourrette.bigfamily.dev\/wp-content\/uploads\/2021\/01\/cloche-a-fromage-obernai-780x465.jpg\" class=\"attachment-home-banner-mobile size-home-banner-mobile\" alt=\"Boutique cloche \u00e0 fromage Obernai\" decoding=\"async\" loading=\"lazy\" \/><\/a>\r\n                                                                <div class=\"legende\">\r\n                            <p>https:\/\/www.fromagerie-tourrette.com\/points-de-vente\/<\/p>\r\n                        <\/div>\r\n                        <p class=\"readmore text-right\"><a class=\"btn\" href=\"https:\/\/www.fromagerie-tourrette.com\/points-de-vente\/\">Nos points de vente<\/a><\/p>\r\n                                    <\/div>\r\n                            <div class=\"d-block \">\r\n                                                                <a href=\"https:\/\/www.fromagerie-tourrette.com\/la-cave-daffinage\/\"><img width=\"780\" height=\"465\" src=\"https:\/\/fromagerie-tourrette.bigfamily.dev\/wp-content\/uploads\/2021\/01\/affinage-cloche-a-fromage-2-780x465.jpg\" class=\"attachment-home-banner-mobile size-home-banner-mobile\" alt=\"Cave affinage cloche \u00e0 fromage\" decoding=\"async\" loading=\"lazy\" \/><\/a>\r\n                                                                <div class=\"legende\">\r\n                            <p>https:\/\/www.fromagerie-tourrette.com\/la-cave-daffinage\/<\/p>\r\n                        <\/div>\r\n                        <p class=\"readmore text-right\"><a class=\"btn\" href=\"https:\/\/www.fromagerie-tourrette.com\/la-cave-daffinage\/\">La cave d&#8217;affinage<\/a><\/p>\r\n                                    <\/div>\r\n                    <\/div>\r\n    <\/div>\r\n\n\n    <section id=\"offres-grid-block_33315ffe5cc5a1b415dee2de2ab97c23\" class=\"block-g offres-grid alignwide\">\r\n        <h2 class=\"text-center h3 mb-4\">\u00c0 d\u00e9couvrir<\/h2>\r\n        <div id=\"offres\">\r\n            <div class=\"row\">\r\n                                                        <div class=\"col justify-content-center w-20 order-1 order-lg-0 \">\r\n                                                    <a class=\"d-block position-relative\" href=\"https:\/\/www.fromagerie-tourrette.com\/boutique\/categorie\/nos-fromages\/\">\r\n                                <img width=\"500\" height=\"600\" src=\"https:\/\/fromagerie-tourrette.bigfamily.dev\/wp-content\/uploads\/2020\/06\/boutique-en-ligne-500x600.jpg\" class=\"img-fluid\" alt=\"boutique-en-ligne\" decoding=\"async\" loading=\"lazy\" srcset=\"https:\/\/fromagerie-tourrette.bigfamily.dev\/wp-content\/uploads\/2020\/06\/boutique-en-ligne-500x600.jpg 500w, https:\/\/fromagerie-tourrette.bigfamily.dev\/wp-content\/uploads\/2020\/06\/boutique-en-ligne-462x555.jpg 462w, https:\/\/fromagerie-tourrette.bigfamily.dev\/wp-content\/uploads\/2020\/06\/boutique-en-ligne-67x80.jpg 67w, https:\/\/fromagerie-tourrette.bigfamily.dev\/wp-content\/uploads\/2020\/06\/boutique-en-ligne-100x120.jpg 100w, https:\/\/fromagerie-tourrette.bigfamily.dev\/wp-content\/uploads\/2020\/06\/boutique-en-ligne.jpg 502w\" sizes=\"(max-width: 500px) 100vw, 500px\" \/>                                <h2 class=\"top\">La boutique en ligne<\/h2>                                <button class=\"btn\">D\u00e9couvrir<\/button>\r\n                            <\/a>\r\n                                            <\/div>\r\n                                                                            <div class=\"col justify-content-center w-40 order-0 order-lg-1 \">\r\n                                                    <a class=\"d-block position-relative\" href=\"https:\/\/www.fromagerie-tourrette.com\/le-restaurant-la-cloche-a-fromage\/\">\r\n                                <img width=\"1018\" height=\"600\" src=\"https:\/\/fromagerie-tourrette.bigfamily.dev\/wp-content\/uploads\/2020\/06\/restaurant-la-cloche-a-fromage-1018x600.jpg\" class=\"img-fluid\" alt=\"restaurant-la-cloche-a-fromage\" decoding=\"async\" loading=\"lazy\" srcset=\"https:\/\/fromagerie-tourrette.bigfamily.dev\/wp-content\/uploads\/2020\/06\/restaurant-la-cloche-a-fromage-1018x600.jpg 1018w, https:\/\/fromagerie-tourrette.bigfamily.dev\/wp-content\/uploads\/2020\/06\/restaurant-la-cloche-a-fromage-80x47.jpg 80w, https:\/\/fromagerie-tourrette.bigfamily.dev\/wp-content\/uploads\/2020\/06\/restaurant-la-cloche-a-fromage-100x59.jpg 100w\" sizes=\"(max-width: 1018px) 100vw, 1018px\" \/>                                <h2 class=\"middle\">Le restaurant<\/h2>                                <button class=\"btn\">D\u00e9couvrir<\/button>\r\n                            <\/a>\r\n                                            <\/div>\r\n                                                                            <div class=\"col justify-content-center w-20 order-5 order-lg-2 \">\r\n                                                    <a class=\"d-block position-relative\" href=\"https:\/\/www.fromagerie-tourrette.com\/la-cave-daffinage\/\">\r\n                                <img width=\"500\" height=\"600\" src=\"https:\/\/fromagerie-tourrette.bigfamily.dev\/wp-content\/uploads\/2020\/06\/cave-affinage-500x600.jpg\" class=\"img-fluid\" alt=\"cave-affinage\" decoding=\"async\" loading=\"lazy\" srcset=\"https:\/\/fromagerie-tourrette.bigfamily.dev\/wp-content\/uploads\/2020\/06\/cave-affinage-500x600.jpg 500w, https:\/\/fromagerie-tourrette.bigfamily.dev\/wp-content\/uploads\/2020\/06\/cave-affinage-66x80.jpg 66w, https:\/\/fromagerie-tourrette.bigfamily.dev\/wp-content\/uploads\/2020\/06\/cave-affinage-100x121.jpg 100w\" sizes=\"(max-width: 500px) 100vw, 500px\" \/>                                <h2 class=\"middle\">La cave d&#8217;affinage<\/h2>                                <button class=\"btn\">D\u00e9couvrir<\/button>\r\n                            <\/a>\r\n                                            <\/div>\r\n                                                                            <div class=\"col justify-content-center w-20 order-3 order-lg-3 \">\r\n                                                    <a class=\"d-block position-relative\" href=\"https:\/\/www.fromagerie-tourrette.com\/points-de-vente\/\">\r\n                                <img width=\"500\" height=\"600\" src=\"https:\/\/fromagerie-tourrette.bigfamily.dev\/wp-content\/uploads\/2024\/01\/IMG_2274-500x600.jpeg\" class=\"img-fluid\" alt=\"\" decoding=\"async\" loading=\"lazy\" \/>                                <h2 class=\"middle\">Les boutiques<\/h2>                                <button class=\"btn\">D\u00e9couvrir<\/button>\r\n                            <\/a>\r\n                                            <\/div>\r\n                                                                            <div class=\"col justify-content-center w-20 order-0 order-lg-4 \">\r\n                                                    <a class=\"d-block position-relative\" href=\"https:\/\/www.fromagerie-tourrette.com\/boutique\/categorie\/nos-plateaux\/\">\r\n                                <img width=\"500\" height=\"600\" src=\"https:\/\/fromagerie-tourrette.bigfamily.dev\/wp-content\/uploads\/2024\/01\/Affiche-A3-Bienfaits-yoga-moderne-degrade-vert-mauve-et-beige-2-500x600.png\" class=\"img-fluid\" alt=\"\" decoding=\"async\" loading=\"lazy\" \/>                                <h2 class=\"top\">Les plateaux<\/h2>                                <button class=\"btn\">D\u00e9couvrir<\/button>\r\n                            <\/a>\r\n                                            <\/div>\r\n                                                                            <div class=\"col justify-content-center w-20 order-6 order-lg-5 \">\r\n                                                    <a class=\"d-block position-relative\" href=\"https:\/\/www.fromagerie-tourrette.com\/professionnels\/\">\r\n                                <img width=\"500\" height=\"600\" src=\"https:\/\/fromagerie-tourrette.bigfamily.dev\/wp-content\/uploads\/2020\/06\/professionnels-500x600.jpg\" class=\"img-fluid\" alt=\"professionnels\" decoding=\"async\" loading=\"lazy\" srcset=\"https:\/\/fromagerie-tourrette.bigfamily.dev\/wp-content\/uploads\/2020\/06\/professionnels-500x600.jpg 500w, https:\/\/fromagerie-tourrette.bigfamily.dev\/wp-content\/uploads\/2020\/06\/professionnels-66x80.jpg 66w, https:\/\/fromagerie-tourrette.bigfamily.dev\/wp-content\/uploads\/2020\/06\/professionnels-100x121.jpg 100w\" sizes=\"(max-width: 500px) 100vw, 500px\" \/>                                <h2 class=\"middle\">Professionnels<\/h2>                                <button class=\"btn\">D\u00e9couvrir<\/button>\r\n                            <\/a>\r\n                                            <\/div>\r\n                                                                            <div class=\"col justify-content-center w-40 order-7 order-lg-6 \">\r\n                                                    <a class=\"d-block position-relative\" href=\"https:\/\/www.fromagerie-tourrette.com\/produit\/carte-cadeau\/\">\r\n                                <img width=\"1018\" height=\"600\" src=\"https:\/\/fromagerie-tourrette.bigfamily.dev\/wp-content\/uploads\/2020\/06\/carte-cadeau-1-1018x600.jpg\" class=\"img-fluid\" alt=\"carte-cadeau\" decoding=\"async\" loading=\"lazy\" srcset=\"https:\/\/fromagerie-tourrette.bigfamily.dev\/wp-content\/uploads\/2020\/06\/carte-cadeau-1-1018x600.jpg 1018w, https:\/\/fromagerie-tourrette.bigfamily.dev\/wp-content\/uploads\/2020\/06\/carte-cadeau-1-80x47.jpg 80w, https:\/\/fromagerie-tourrette.bigfamily.dev\/wp-content\/uploads\/2020\/06\/carte-cadeau-1-100x59.jpg 100w\" sizes=\"(max-width: 1018px) 100vw, 1018px\" \/>                                <h2 class=\"middle\">Carte cadeau<\/h2>                                <button class=\"btn\">D\u00e9couvrir<\/button>\r\n                            <\/a>\r\n                                            <\/div>\r\n                                                <\/div>\r\n        <\/div>\r\n    <\/section>\r\n\n\n\n<h1 class=\"wp-block-heading has-text-align-center\">La boutique<\/h1>\n\n\n\n<p>Nous proposons plusieurs formules de livraison pour vos achats en ligne : <br>&#8211; <strong>Livraison \u00e0 domicile sur Strasbourg, Schiltigheim, Hoenheim et Bischheim <\/strong>\u00e0 4,90\u20ac, gratuit d\u00e8s 70\u20ac d&#8217;achat, du lundi au vendredi (hors carte cadeau)<br><strong>&#8211; Livraison dans toute la France via Chronofresh<\/strong> au prix exceptionnel de 9,90\u20ac, gratuit d\u00e8s 100\u20ac d&#8217;achat. 14,90\u20ac pour les commandes de moins de 30\u20ac. D\u00e9lais \u00e0 pr\u00e9voir : 2 jours ouvr\u00e9s<br>&#8211; <strong>Click &amp; Collect gratuit  \u00e0 la cave d&#8217;affinage et au Th\u00e9\u00e2tre du vin<\/strong> &#8211; \u00e0 l&#8217;entr\u00e9e du March\u00e9 Gare de Strasbourg, ouvert tous les jours de 8h30 \u00e0 19h &#8211; <strong>et<\/strong> <strong>dans toutes nos boutiques<\/strong> (plateaux, assortiments raclette et fondues uniquement pour ces derni\u00e8res)<\/p>\n\n\n<div id=\"top-products-block_1ceff77ecfe8a247e153879eee49a0b9\" class=\"block-g top-products alignwide\">\r\n    <ul class=\"products columns-5 owl-carousel\">\r\n        <li class=\"product type-product post-753 status-publish first instock product_cat-nos-fromages has-post-thumbnail taxable shipping-taxable purchasable product-type-simple\">\n\t<div class=\"product-content d-flex flex-column w-100\"><\/div><\/li>\n<li class=\"product type-product post-1059 status-publish instock product_cat-nos-fromages has-post-thumbnail taxable shipping-taxable purchasable product-type-simple\">\n\t<div class=\"product-content d-flex flex-column w-100\"><\/div><\/li>\n<li class=\"product type-product post-967 status-publish last instock product_cat-nos-fromages has-post-thumbnail taxable shipping-taxable purchasable product-type-simple\">\n\t<div class=\"product-content d-flex flex-column w-100\"><\/div><\/li>\n<li class=\"product type-product post-857 status-publish first instock product_cat-nos-fromages has-post-thumbnail taxable shipping-taxable purchasable product-type-simple\">\n\t<div class=\"product-content d-flex flex-column w-100\"><\/div><\/li>\n<li class=\"product type-product post-937 status-publish instock product_cat-nos-fromages has-post-thumbnail taxable shipping-taxable purchasable product-type-simple\">\n\t<div class=\"product-content d-flex flex-column w-100\"><\/div><\/li>\n<li class=\"product type-product post-1070 status-publish last instock product_cat-nos-fromages has-post-thumbnail taxable shipping-taxable purchasable product-type-simple\">\n\t<div class=\"product-content d-flex flex-column w-100\"><\/div><\/li>\n<li class=\"product type-product post-1087 status-publish first instock product_cat-nos-fromages has-post-thumbnail taxable shipping-taxable purchasable product-type-simple\">\n\t<div class=\"product-content d-flex flex-column w-100\"><\/div><\/li>\n<li class=\"product type-product post-1054 status-publish instock product_cat-nos-fromages has-post-thumbnail taxable shipping-taxable purchasable product-type-simple\">\n\t<div class=\"product-content d-flex flex-column w-100\"><\/div><\/li>\n<li class=\"product type-product post-890 status-publish last instock product_cat-nos-fromages has-post-thumbnail taxable shipping-taxable purchasable product-type-simple\">\n\t<div class=\"product-content d-flex flex-column w-100\"><\/div><\/li>\n    <\/ul>\r\n\r\n    <p class=\"text-center\"><a href=\"https:\/\/fromagerie-tourrette.bigfamily.dev\/boutique\/categorie\/nos-fromages\/\" class=\"btn btn-home\">Voir tous les fromages<\/a><\/p>\r\n<\/div>\n\n\r\n","protected":false},"excerpt":{"rendered":"<p>La boutique Nous proposons plusieurs formules de livraison pour vos achats en ligne : &#8211; Livraison \u00e0 domicile [&hellip;]<\/p>\n","protected":false},"author":1,"featured_media":0,"parent":0,"menu_order":0,"comment_status":"closed","ping_status":"closed","template":"","meta":[],"acf":[],"_links":{"self":[{"href":"https:\/\/fromagerie-tourrette.bigfamily.dev\/de\/wp-json\/wp\/v2\/pages\/6536"}],"collection":[{"href":"https:\/\/fromagerie-tourrette.bigfamily.dev\/de\/wp-json\/wp\/v2\/pages"}],"about":[{"href":"https:\/\/fromagerie-tourrette.bigfamily.dev\/de\/wp-json\/wp\/v2\/types\/page"}],"author":[{"embeddable":true,"href":"https:\/\/fromagerie-tourrette.bigfamily.dev\/de\/wp-json\/wp\/v2\/users\/1"}],"replies":[{"embeddable":true,"href":"https:\/\/fromagerie-tourrette.bigfamily.dev\/de\/wp-json\/wp\/v2\/comments?post=6536"}],"version-history":[{"count":3,"href":"https:\/\/fromagerie-tourrette.bigfamily.dev\/de\/wp-json\/wp\/v2\/pages\/6536\/revisions"}],"predecessor-version":[{"id":100851,"href":"https:\/\/fromagerie-tourrette.bigfamily.dev\/de\/wp-json\/wp\/v2\/pages\/6536\/revisions\/100851"}],"wp:attachment":[{"href":"https:\/\/fromagerie-tourrette.bigfamily.dev\/de\/wp-json\/wp\/v2\/media?parent=6536"}],"curies":[{"name":"wp","href":"https:\/\/api.w.org\/{rel}","templated":true}]}}