{"id":6375,"date":"2020-06-15T11:23:59","date_gmt":"2020-06-15T09:23:59","guid":{"rendered":"https:\/\/www.fromagerie-tourrette.com\/professionnels\/"},"modified":"2023-12-11T10:14:54","modified_gmt":"2023-12-11T09:14:54","slug":"fachleute","status":"publish","type":"page","link":"https:\/\/fromagerie-tourrette.bigfamily.dev\/de\/fachleute\/","title":{"rendered":"Fachleute"},"content":{"rendered":"\n<h2 class=\"wp-block-heading\"><strong>Sie sind Fachleute ?<\/strong><br><strong>Wir haben ein Angebot f\u00fcr Sie !<\/strong><\/h2>\n\n\n\n<p>Unsere K\u00e4serei ist auch f\u00fcr Fachleute aus dem Gastronomiesektor bestimmt. Ob Sie Gastronom, Caterer, Einzelh\u00e4ndler, Weinh\u00e4ndler oder Hotel sind, wir haben Angebote entwickelt, die an Ihre Bed\u00fcrfnisse angepasst sind.<\/p>\n\n\n\n<p>Die Fromagerie Tourrette ist <strong>ein Unternehmen von \u00fcberschaubarer Gr\u00f6\u00dfe, das die W\u00fcnsche seiner Kunden im Fokus hat<\/strong>. Uns liegt sehr viel daran, uns diese N\u00e4he zu unseren Partnern zu bewahren und gemeinsam mit ihnen unsere Erfahrungen zu teilen.<\/p>\n\n\n\n<p>Ihre Zufriedenheit ist unser oberstes Ziel. Deshalb setzen wir alles daran, Ihnen eine L\u00f6sung anzubieten, die Ihren W\u00fcnschen gerecht wird und entwickeln diese projektbezogen immer weiter dank <strong>einer kontinuierlichen Dialog und Betreuung<\/strong>.<\/p>\n\n\n\n<p>Wir sind jederzeit gerne f\u00fcr Sie da, nehmen uns Zeit f\u00fcr <strong>eine pers<\/strong><strong>\u00f6<\/strong><strong>nliche Beratung<\/strong> und stellen Ihnen <strong>individuelle Sortimente oder Pakete nach Wunsch<\/strong> zusammen.<\/p>\n\n\n\n<p>Erg\u00e4nzend dazu bieten wir <strong>K\u00e4seschulungen nach Ma\u00df<\/strong> an, beispielsweise \u00fcber verschiedene Techniken zu Haltbarkeit, Service und Verkostung, aber auch \u00fcber die Geschichte und Legenden rund um den K\u00e4se.<\/p>\n\n\n\n<p><em>Kontaktieren und erz\u00e4hlen Sie uns von Ihrem Projekt!<\/em><\/p>\n\n\n\r\n    <section class=\"block-g decouvrir alignwide\">\r\n        <h2 class=\"text-center h3 mb-4\">\u00c0 d\u00e9couvrir<\/h2>\r\n        <div id=\"decouverte\" class=\"mb-4\">\r\n            <div class=\"row\">\r\n\r\n                                    <div class=\"col-12 col-lg-4 mb-3\">\r\n                                                <a href=\"https:\/\/fromagerie-tourrette.bigfamily.dev\/de\/le-restaurant-la-cloche-a-fromage\/\">\r\n                            <picture class=\"img-fluid\" alt=\"Das Restaurant\">\r\n                                <source srcset=\"https:\/\/fromagerie-tourrette.bigfamily.dev\/wp-content\/themes\/tourrette\/assets\/img\/home-restaurant.jpg\" media=\"(min-width: 576px)\" \/>\r\n                                <img decoding=\"async\" class=\"img-fluid\" alt=\"Das Restaurant\" src=\"https:\/\/fromagerie-tourrette.bigfamily.dev\/wp-content\/themes\/tourrette\/assets\/img\/home-restaurant.jpg\" \/>\r\n                            <\/picture>\r\n                        <\/a>\r\n                        <a href=\"#\"><span class=\"label\">Das Restaurant<\/span><\/a>\r\n                    <\/div>\r\n                \r\n                                    <div class=\"col-12 col-lg-4 mb-3\">\r\n                                                <a href=\"https:\/\/fromagerie-tourrette.bigfamily.dev\/points-de-vente\/\">\r\n                            <picture class=\"img-fluid\" alt=\"Les boutiques\">\r\n                                <source srcset=\"https:\/\/fromagerie-tourrette.bigfamily.dev\/wp-content\/themes\/tourrette\/assets\/img\/home-boutique.jpg\" media=\"(min-width: 576px)\" \/>\r\n                                <img decoding=\"async\" class=\"img-fluid\" alt=\"Les boutiques\" src=\"https:\/\/fromagerie-tourrette.bigfamily.dev\/wp-content\/themes\/tourrette\/assets\/img\/home-boutique.jpg\" \/>\r\n                            <\/picture>\r\n                        <\/a>\r\n                        <a href=\"#\"><span class=\"label\">Les boutiques<\/span><\/a>\r\n                    <\/div>\r\n                \r\n                                                        <div class=\"col-12 col-lg-4 mb-3\">\r\n                        <a href=\"https:\/\/fromagerie-tourrette.bigfamily.dev\/de\/la-cave-daffinage\/\">\r\n                            <picture class=\"img-fluid\" alt=\"Der Reifungskeller\">\r\n                                <source srcset=\"https:\/\/fromagerie-tourrette.bigfamily.dev\/wp-content\/themes\/tourrette\/assets\/img\/home-cave.jpg\" media=\"(min-width: 576px)\" \/>\r\n                                <img decoding=\"async\" class=\"img-fluid\" alt=\"Der Reifungskeller\" src=\"https:\/\/fromagerie-tourrette.bigfamily.dev\/wp-content\/themes\/tourrette\/assets\/img\/home-cave.jpg\" \/>\r\n                            <\/picture>\r\n                        <\/a>\r\n                        <a href=\"https:\/\/fromagerie-tourrette.bigfamily.dev\/de\/la-cave-daffinage\/\"><span class=\"label\">Der Reifungskeller<\/span><\/a>\r\n                    <\/div>\r\n                \r\n                                                        <div class=\"col-12 col-lg-4\">\r\n                        <a href=\"https:\/\/fromagerie-tourrette.bigfamily.dev\/de\/fachleute\/\">\r\n                            <picture class=\"img-fluid\" alt=\"Fachleute\">\r\n                                <source srcset=\"https:\/\/fromagerie-tourrette.bigfamily.dev\/wp-content\/themes\/tourrette\/assets\/img\/home-pro.jpg\" media=\"(min-width: 576px)\" \/>\r\n                                <img decoding=\"async\" class=\"img-fluid\" alt=\"Fachleute\" src=\"https:\/\/fromagerie-tourrette.bigfamily.dev\/wp-content\/themes\/tourrette\/assets\/img\/home-pro.jpg\" \/>\r\n                            <\/picture>\r\n                        <\/a>\r\n                        <a href=\"https:\/\/fromagerie-tourrette.bigfamily.dev\/de\/fachleute\/\"><span class=\"label\">Fachleute<\/span><\/a>\r\n                    <\/div>\r\n                            <\/div>\r\n        <\/div>\r\n    <\/section>\r\n\r\n","protected":false},"excerpt":{"rendered":"<p>Sie sind Fachleute ?Wir haben ein Angebot f\u00fcr Sie ! Unsere K\u00e4serei ist auch f\u00fcr Fachleute aus dem [&hellip;]<\/p>\n","protected":false},"author":1,"featured_media":6177,"parent":0,"menu_order":0,"comment_status":"closed","ping_status":"closed","template":"","meta":[],"acf":[],"_links":{"self":[{"href":"https:\/\/fromagerie-tourrette.bigfamily.dev\/de\/wp-json\/wp\/v2\/pages\/6375"}],"collection":[{"href":"https:\/\/fromagerie-tourrette.bigfamily.dev\/de\/wp-json\/wp\/v2\/pages"}],"about":[{"href":"https:\/\/fromagerie-tourrette.bigfamily.dev\/de\/wp-json\/wp\/v2\/types\/page"}],"author":[{"embeddable":true,"href":"https:\/\/fromagerie-tourrette.bigfamily.dev\/de\/wp-json\/wp\/v2\/users\/1"}],"replies":[{"embeddable":true,"href":"https:\/\/fromagerie-tourrette.bigfamily.dev\/de\/wp-json\/wp\/v2\/comments?post=6375"}],"version-history":[{"count":3,"href":"https:\/\/fromagerie-tourrette.bigfamily.dev\/de\/wp-json\/wp\/v2\/pages\/6375\/revisions"}],"predecessor-version":[{"id":98683,"href":"https:\/\/fromagerie-tourrette.bigfamily.dev\/de\/wp-json\/wp\/v2\/pages\/6375\/revisions\/98683"}],"wp:featuredmedia":[{"embeddable":true,"href":"https:\/\/fromagerie-tourrette.bigfamily.dev\/de\/wp-json\/wp\/v2\/media\/6177"}],"wp:attachment":[{"href":"https:\/\/fromagerie-tourrette.bigfamily.dev\/de\/wp-json\/wp\/v2\/media?parent=6375"}],"curies":[{"name":"wp","href":"https:\/\/api.w.org\/{rel}","templated":true}]}}