{"id":6371,"date":"2018-10-25T15:36:47","date_gmt":"2018-10-25T13:36:47","guid":{"rendered":"https:\/\/www.fromagerie-tourrette.com\/contactez-nous\/"},"modified":"2022-07-20T15:36:25","modified_gmt":"2022-07-20T13:36:25","slug":"contactez-nous","status":"publish","type":"page","link":"https:\/\/fromagerie-tourrette.bigfamily.dev\/de\/contactez-nous\/","title":{"rendered":"Contact"},"content":{"rendered":"<section id=\"multi-form-contact-block_5ee9e609b1763\" class=\"block-g multi-form-contact \">\r\n    <div>\r\n        <p><a id=\"back-step\" class=\"d-flex align-items-center\" href=\"#\"><i class=\"gg-chevron-left\"><\/i> <span>Retour \u00e0 l&#8217;\u00e9tape pr\u00e9c\u00e9dente<\/span><\/a><\/p>\r\n        <form data-action=\"contact\">\r\n            <div class=\"step active\" data-step-id=\"0\">\r\n                <h4 class=\"mb-4\">Pour quelle raison souhaitez-vous nous contacter ?<\/h4>\r\n                <ul class=\"demandes p-0 m-0\">\r\n                    <li>\r\n                        <input type=\"radio\" name=\"demande\" id=\"demande_3\" data-goto=\"1\" value=\"reservation_restaurant\" \/>\r\n                        <label for=\"demande_3\"><span>R\u00e9server au restaurant<\/span> <i class=\"gg-chevron-right\"><\/i><\/label>\r\n                    <\/li>\r\n                    <li>\r\n                        <input type=\"radio\" name=\"demande\" id=\"demande_4\" data-goto=\"3\" value=\"contact_restaurant\" \/>\r\n                        <label for=\"demande_4\"><span>Contacter le restaurant pour une raison autre que la r\u00e9servation<\/span> <i class=\"gg-chevron-right\"><\/i><\/label>\r\n                    <\/li>\r\n                    <li>\r\n                        <input type=\"radio\" name=\"demande\" id=\"demande_1\" data-goto=\"3\" value=\"eshop\" \/>\r\n                        <label for=\"demande_1\">J&#8217;ai une question sur la boutique en ligne<span><\/span> <i class=\"gg-chevron-right\"><\/i><\/label>\r\n                    <\/li>\r\n                    <li>\r\n                        <input type=\"radio\" name=\"demande\" id=\"demande_2\" data-goto=\"2\" value=\"point-de-vente\" \/>\r\n                        <label for=\"demande_2\"><span>Je veux contacter un point de vente<\/span> <i class=\"gg-chevron-right\"><\/i><\/label>\r\n                    <\/li>\r\n                    <li>\r\n                        <input type=\"radio\" name=\"demande\" id=\"demande_7\" data-goto=\"3\" value=\"pro\" \/>\r\n                        <label for=\"demande_7\"><span>J&#8217;ai besoin d&#8217;une offre d\u00e9di\u00e9e aux professionnels<\/span> <i class=\"gg-chevron-right\"><\/i><\/label>\r\n                    <\/li>\r\n                    <li>\r\n                        <input type=\"radio\" name=\"demande\" id=\"demande_6\" data-goto=\"3\" value=\"autre\" \/>\r\n                        <label for=\"demande_6\"><span>Autre demande<\/span> <i class=\"gg-chevron-right\"><\/i><\/label>\r\n                    <\/li>\r\n                <\/ul>\r\n            <\/div>\r\n            <div class=\"step in\" data-step-id=\"1\">\r\n                <iframe frameBorder=\"0\"\r\n                style=\"width:100%\"\r\n                height=\"695\"\r\n                src=\"https:\/\/app.overfull.fr\/booking\/?key_id=eyJ0eXAiOiJKV1QiLCJhbGciOiJIUzI1NiJ9.eyJrZXkiOjkwfQ.Smw8a5fyvUeT0OG2mGa860V5v3G8ig4RaPAKXeHOIx8&#038;source=Web\"><\/iframe>\r\n            <\/div>\r\n            <div class=\"step in\" data-step-id=\"2\">\r\n                                <ul class=\"boutiques m-0 p-0\">\r\n                                    <\/ul>\r\n            <\/div>\r\n            <div class=\"step in\" data-step-id=\"3\"><\/div>\r\n        <\/form>\r\n    <\/div>\r\n\r\n\r\n<\/section>\n\n\n<p><\/p>\n","protected":false},"excerpt":{"rendered":"","protected":false},"author":1,"featured_media":0,"parent":0,"menu_order":0,"comment_status":"closed","ping_status":"closed","template":"","meta":[],"acf":[],"_links":{"self":[{"href":"https:\/\/fromagerie-tourrette.bigfamily.dev\/de\/wp-json\/wp\/v2\/pages\/6371"}],"collection":[{"href":"https:\/\/fromagerie-tourrette.bigfamily.dev\/de\/wp-json\/wp\/v2\/pages"}],"about":[{"href":"https:\/\/fromagerie-tourrette.bigfamily.dev\/de\/wp-json\/wp\/v2\/types\/page"}],"author":[{"embeddable":true,"href":"https:\/\/fromagerie-tourrette.bigfamily.dev\/de\/wp-json\/wp\/v2\/users\/1"}],"replies":[{"embeddable":true,"href":"https:\/\/fromagerie-tourrette.bigfamily.dev\/de\/wp-json\/wp\/v2\/comments?post=6371"}],"version-history":[{"count":2,"href":"https:\/\/fromagerie-tourrette.bigfamily.dev\/de\/wp-json\/wp\/v2\/pages\/6371\/revisions"}],"predecessor-version":[{"id":17603,"href":"https:\/\/fromagerie-tourrette.bigfamily.dev\/de\/wp-json\/wp\/v2\/pages\/6371\/revisions\/17603"}],"wp:attachment":[{"href":"https:\/\/fromagerie-tourrette.bigfamily.dev\/de\/wp-json\/wp\/v2\/media?parent=6371"}],"curies":[{"name":"wp","href":"https:\/\/api.w.org\/{rel}","templated":true}]}}