{"id":6333,"date":"2020-06-05T11:29:40","date_gmt":"2020-06-05T09:29:40","guid":{"rendered":"https:\/\/www.fromagerie-tourrette.com\/la-cave-daffinage\/"},"modified":"2024-02-19T09:57:57","modified_gmt":"2024-02-19T08:57:57","slug":"la-cave-daffinage","status":"publish","type":"page","link":"https:\/\/fromagerie-tourrette.bigfamily.dev\/de\/la-cave-daffinage\/","title":{"rendered":"Der Reifungskeller"},"content":{"rendered":"\n<h2 class=\"wp-block-heading mb-4\">Der Ort, an dem Ihre Empfindungen entstehen<\/h2>\n\n\n\n<p>Die FROMAGERIE TOURRETTE ist stolz auf ihre authentischen Produkte aus der Region und \u00f6ffnet Ihnen die T\u00fcren ihres Reifungskellers, in dem ihre Sch\u00e4tze geduldig bis zum optimalen Genuss f\u00fcr ihre Gesch\u00e4fte und das Restaurant LA CLOCHE, aber auch f\u00fcr alle ihre Gesch\u00e4fts- und Privatkunden veredelt werden.<\/p>\n\n\n\n<p>Die 450 m2 gro\u00dfe Anlage, in der \u00fcber 160 K\u00e4sesorten gelagert werden, entspricht allen europ\u00e4ischen Normen f\u00fcr die Reifung und Technologie.<\/p>\n\n\n\n<p>Dieser 1500 m2 gro\u00dfe Raum besteht aus Bereichen, die jeder Phase der Reifung gewidmet sind: Ein Bereich dient der Lagerung der Produkte, aber nicht auf beliebigen Unterlagen: Holzgestelle, Fichtenbretter, Strohhalme\u2026, die den K\u00e4sen w\u00e4hrend der Reifung bei einer kontrollierten Temperatur und einer programmierten und st\u00e4ndig \u00fcberpr\u00fcften Luftfeuchtigkeit als H\u00fclle dienen, um die Textur des K\u00e4ses zu erhalten.<\/p>\n\n\n\n<p>Es gibt noch einen weiteren Raum von gr\u00f6\u00dfter Bedeutung, da es sich um den Reifekeller handelt, der den Bauernhofproduzenten und Affineuren eigen ist, mit Techniken, die nur f\u00fcr Rohmilchk\u00e4ser gelten und die als lebendige Elemente betrachtet werden sollten.<\/p>\n\n\n\n<p>&#8220;Die Produkte durchlaufen dort eine Entwicklung, die ihr Aussehen, ihre Textur,<br>und ihren Geschmack gem\u00e4\u00df den den Affinateuren eigenen Reifungsprinzipien&#8221;, erkl\u00e4rt Ren\u00e9 TOURRETTE.<\/p>\n\n\n\n<p>Es gibt noch einen &#8220;wei\u00dfen Bereich&#8221;, den sogenannten &#8220;Schneidebereich&#8221;, in dem die K\u00e4selaibe und die K\u00e4se geschnitten werden, die dann verpackt und personalisiert werden.<\/p>\n\n\n\n<p>F\u00fcr alle Gelegenheiten empfangen Sie Ren\u00e9 TOURRETTE und alle seine Mitarbeiter in den verschiedenen Betrieben und beraten Sie bei der Zusammenstellung einer K\u00e4seplatte oder eines Buffets.<\/p>\n","protected":false},"excerpt":{"rendered":"<p>Der Ort, an dem Ihre Empfindungen entstehen Die FROMAGERIE TOURRETTE ist stolz auf ihre authentischen Produkte aus der [&hellip;]<\/p>\n","protected":false},"author":1,"featured_media":0,"parent":0,"menu_order":0,"comment_status":"closed","ping_status":"closed","template":"template-cave.php","meta":[],"acf":[],"_links":{"self":[{"href":"https:\/\/fromagerie-tourrette.bigfamily.dev\/de\/wp-json\/wp\/v2\/pages\/6333"}],"collection":[{"href":"https:\/\/fromagerie-tourrette.bigfamily.dev\/de\/wp-json\/wp\/v2\/pages"}],"about":[{"href":"https:\/\/fromagerie-tourrette.bigfamily.dev\/de\/wp-json\/wp\/v2\/types\/page"}],"author":[{"embeddable":true,"href":"https:\/\/fromagerie-tourrette.bigfamily.dev\/de\/wp-json\/wp\/v2\/users\/1"}],"replies":[{"embeddable":true,"href":"https:\/\/fromagerie-tourrette.bigfamily.dev\/de\/wp-json\/wp\/v2\/comments?post=6333"}],"version-history":[{"count":3,"href":"https:\/\/fromagerie-tourrette.bigfamily.dev\/de\/wp-json\/wp\/v2\/pages\/6333\/revisions"}],"predecessor-version":[{"id":100628,"href":"https:\/\/fromagerie-tourrette.bigfamily.dev\/de\/wp-json\/wp\/v2\/pages\/6333\/revisions\/100628"}],"wp:attachment":[{"href":"https:\/\/fromagerie-tourrette.bigfamily.dev\/de\/wp-json\/wp\/v2\/media?parent=6333"}],"curies":[{"name":"wp","href":"https:\/\/api.w.org\/{rel}","templated":true}]}}