{"id":6283,"date":"2019-02-01T15:04:55","date_gmt":"2019-02-01T14:04:55","guid":{"rendered":"https:\/\/www.fromagerie-tourrette.com\/qui-sommes-nous\/"},"modified":"2024-02-12T10:52:03","modified_gmt":"2024-02-12T09:52:03","slug":"das-unternehmen","status":"publish","type":"page","link":"https:\/\/fromagerie-tourrette.bigfamily.dev\/de\/das-unternehmen\/","title":{"rendered":"das Unternehmen"},"content":{"rendered":"\n<div class=\"wp-block-columns alignwide is-layout-flex wp-container-4\">\n<div class=\"wp-block-column is-layout-flow\" style=\"flex-basis:25%\">\r\n<section id=\"chiffres-cles-block_6f2e4c31a4e16edb6a4b13ca3a7b0081\" class=\"block-g chiffres-cles alignwide\">\r\n            \r\n        \r\n                    <a title=\"Le Restaurant\" target=\"\" href=\"https:\/\/www.fromagerie-tourrette.com\/de\/le-restaurant-la-cloche-a-fromage\/\" class=\"item d-flex align-items-center p-3 mb-4\">\r\n        \r\n                <img width=\"65\" height=\"58\" src=\"https:\/\/fromagerie-tourrette.bigfamily.dev\/wp-content\/uploads\/2020\/06\/societe-restaurant.png\" class=\"img-fluid\" alt=\"societe-restaurant\" decoding=\"async\" loading=\"lazy\" \/>                <div class=\"ml-3\">\r\n                    <p><strong>1 restaurant<\/strong><br \/>\nmit Kult-Status in Stra\u00dfburg; dort befindet sich die gr\u00f6\u00dfte K\u00e4seglocke der Welt<br \/>\n<small class=\"\">(Guinessbuch der Rekorde 1988)<\/small><\/p>\n                <\/div>\r\n\r\n                    <\/a>\r\n        \r\n            \r\n        \r\n                    <a title=\"Points de vente\" target=\"\" href=\"https:\/\/www.fromagerie-tourrette.com\/de\/points-de-vente\/\" class=\"item d-flex align-items-center p-3 mb-4\">\r\n        \r\n                <img width=\"67\" height=\"50\" src=\"https:\/\/fromagerie-tourrette.bigfamily.dev\/wp-content\/uploads\/2020\/06\/societe-boutiques.png\" class=\"img-fluid\" alt=\"societe-boutiques\" decoding=\"async\" loading=\"lazy\" \/>                <div class=\"ml-3\">\r\n                    <p><strong>8 Fachgesch\u00e4fte<\/strong><br \/>\nund mehr als 60 Partner in Frankreich und im Ausland<\/p>\n                <\/div>\r\n\r\n                    <\/a>\r\n        \r\n            \r\n        \r\n                    <div class=\"item d-flex align-items-center p-3 mb-4\">\r\n        \r\n                <img width=\"64\" height=\"66\" src=\"https:\/\/fromagerie-tourrette.bigfamily.dev\/wp-content\/uploads\/2020\/06\/societe-employes.png\" class=\"img-fluid\" alt=\"societe-employes\" decoding=\"async\" loading=\"lazy\" \/>                <div class=\"ml-3\">\r\n                    <p><strong>43 Mitarbeiter<\/strong><br \/>\nim Reifekeller, im Restaurant und in den Gesch\u00e4ften<\/p>\n                <\/div>\r\n\r\n                    <\/div>\r\n        \r\n            \r\n        \r\n                    <div class=\"item d-flex align-items-center p-3 mb-4\">\r\n        \r\n                <img width=\"68\" height=\"56\" src=\"https:\/\/fromagerie-tourrette.bigfamily.dev\/wp-content\/uploads\/2020\/06\/societe-fromage.png\" class=\"img-fluid\" alt=\"societe-fromage\" decoding=\"async\" loading=\"lazy\" \/>                <div class=\"ml-3\">\r\n                    <p><strong>\u00dcber 400 Produkte<\/strong><br \/>\nK\u00e4se, Wurstspezialit\u00e4ten, Milchprodukte, Feinkost&#8230;<\/p>\n                <\/div>\r\n\r\n                    <\/div>\r\n        \r\n            \r\n        \r\n                    <div class=\"item d-flex align-items-center p-3 mb-4\">\r\n        \r\n                <img width=\"66\" height=\"66\" src=\"https:\/\/fromagerie-tourrette.bigfamily.dev\/wp-content\/uploads\/2020\/06\/societe-cave.png\" class=\"img-fluid\" alt=\"societe-cave\" decoding=\"async\" loading=\"lazy\" \/>                <div class=\"ml-3\">\r\n                    <p><strong>Auf 1\u2009500 m<sup>3<\/sup><\/strong><br \/>\nalles rund um die Reifung und Veredelung von K\u00e4se und Wurst<\/p>\n                <\/div>\r\n\r\n                    <\/div>\r\n        \r\n            \r\n        \r\n                    <div class=\"item d-flex align-items-center p-3 mb-4\">\r\n        \r\n                <img width=\"78\" height=\"69\" src=\"https:\/\/fromagerie-tourrette.bigfamily.dev\/wp-content\/uploads\/2020\/06\/societe-producteurs.png\" class=\"img-fluid\" alt=\"societe-producteurs\" decoding=\"async\" loading=\"lazy\" \/>                <div class=\"ml-3\">\r\n                    <p><strong>\u00dcber 100 Produzenten<\/strong><br \/>\nDirekte Handwerksbetriebe<\/p>\n                <\/div>\r\n\r\n                    <\/div>\r\n        \r\n            \r\n        \r\n                    <div class=\"item d-flex align-items-center p-3 mb-4\">\r\n        \r\n                <img width=\"62\" height=\"73\" src=\"https:\/\/fromagerie-tourrette.bigfamily.dev\/wp-content\/uploads\/2020\/06\/societe-clients.png\" class=\"img-fluid\" alt=\"societe-clients\" decoding=\"async\" loading=\"lazy\" \/>                <div class=\"ml-3\">\r\n                    <p><strong>~\u2009100 Kunden<\/strong><br \/>\naus der gehobenen Gastronomie und dem Feinkostbereich<\/p>\n                <\/div>\r\n\r\n                    <\/div>\r\n        \r\n            \r\n        \r\n                    <div class=\"item d-flex align-items-center p-3 mb-4\">\r\n        \r\n                <img width=\"59\" height=\"59\" src=\"https:\/\/fromagerie-tourrette.bigfamily.dev\/wp-content\/uploads\/2020\/06\/societe-export.png\" class=\"img-fluid\" alt=\"societe-export\" decoding=\"async\" loading=\"lazy\" \/>                <div class=\"ml-3\">\r\n                    <p><strong>~\u200910 L\u00e4nder<\/strong><br \/>\nim Export<\/p>\n                <\/div>\r\n\r\n                    <\/div>\r\n        \r\n    <\/section>\r\n<\/div>\n\n\n\n<div class=\"wp-block-column is-layout-flow\" style=\"flex-basis:50%\">\n<h2 class=\"wp-block-heading text-uppercase\"><strong>Authentischer Gescmach,<br>Unvergessliche Aromen<\/strong><\/h2>\n\n\n\n<p>Seit \u00fcber 30 Jahren sichert die Fromagerie Tourrette den Fortbestand der <strong>K\u00e4setradition <\/strong>und des <strong>authentischen<\/strong> Geschmacks. Unsere K\u00e4ser und K\u00e4severedler unter der Leitung von <strong>Ren\u00e9 Tourrette<\/strong> und <strong>Luc Segaux<\/strong> laden ein zum Genuss von \u00fcber <strong>150 verschiedenen K\u00e4sesorten<\/strong>. Der reiche Schatz unserer Regionen und eine rein handwerkliche Produktion sorgen f\u00fcr abwechslungsreiche Aromen.<\/p>\n\n\n\n<p>Ob aus Kuh-, Ziegen- oder Schafsmilch, mit geriebener oder gewaschener Rinde, mit oder ohne Blauschimmel &#8211; <strong>jeder K\u00e4se durchl\u00e4uft unseren Reifekeller<\/strong>, wo er den perfekten Reifegrad und seinen tollen Geschmack entwickelt.<\/p>\n\n\n\n<h5 class=\"wp-block-heading mb-5\"><strong>Die gesamte franz\u00f6sische K\u00e4sekultur findet<br>tagt\u00e4glich in unserem Knowhow Ausdruck.<\/strong><\/h5>\n\n\n\n<h3 class=\"wp-block-heading\"><strong>Unsere Produkte<\/strong><\/h3>\n\n\n\n<p>Die Qualit\u00e4t unserer ausgew\u00e4hlten Produkte ist durch unsere <strong>Professionalit\u00e4t <\/strong>und <strong>die kontrollierte Reifung durch unsere K\u00e4semeister gesichert<\/strong>. Der bevorzugte Einsatz von Rohmilch, die Beachtung der saisonalen Gegebenheiten und eine kontrollierte Reifung sind die Grundvoraussetzungen, um Ihnen hochwertige und geschmackvolle Produkte zu garantieren.<\/p>\n\n\n\n<p>Wir <strong>kennen unsere lokalen Produzenten und deren Tiere<\/strong> ganz genau. Deshalb sind wir in der Lage, den Ursprung, die Zusammensetzung und damit die Qualit\u00e4t unserer Produkte bestens zu kontrollieren.<\/p>\n\n\n\n<p>Wir arbeiten mit Produkten aus <strong>nat\u00fcrlichen Zutaten, ohne GVO, ohne Konservierungs- oder Farbstoffe<\/strong>. Absolute Hygiene und einwandfreie R\u00fcckverfolgbarkeit sind f\u00fcr uns selbstverst\u00e4ndlich.<\/p>\n\n\n\n<p>Dank unserer Erfahrung in der gehobenen Gastronomie haben wir <strong>unser Produktangebot erweitert<\/strong> um<strong> frischen Rahm<\/strong> und <strong>Butter <\/strong>zum Kochen oder f\u00fcr den puren Genuss. Zudem finden Sie bei uns eine gro\u00dfe Auswahl an <strong>handwerklich hergestellten Wurstwaren<\/strong> sowie verschiedene <strong>Feinkostspezialit\u00e4ten<\/strong>, die selbstverst\u00e4ndlich dieselben Qualit\u00e4tskriterien erf\u00fcllen.<\/p>\n\n\n\n<h3 class=\"wp-block-heading\"><strong>Unsere Produzenten<\/strong><\/h3>\n\n\n\n<p>Der respektvolle Umgang mit unseren Partnern, sowohl auf Lieferanten-, als auch auf Kundenseite, basiert auf<strong> Transparenz, fairen Preisen<\/strong>, Wertsch\u00e4tzung und gemeinsamen Projekten.<\/p>\n\n\n\n<p>Wir setzen uns ein f\u00fcr eine nachhaltige Entwicklung durch die Unterst\u00fctzung eines fairen Handels, <strong>das Ankurbeln der lokalen Wirtschaft, die Wertsch\u00e4tzung des Milchpreises und der Arbeit der Produzenten, und durch das Bevorzugen von kurzen Wegen<\/strong>.<\/p>\n<\/div>\n\n\n\n<div class=\"wp-block-column is-layout-flow\" style=\"flex-basis:25%\"><\/div>\n<\/div>\n","protected":false},"excerpt":{"rendered":"<p>Authentischer Gescmach,Unvergessliche Aromen Seit \u00fcber 30 Jahren sichert die Fromagerie Tourrette den Fortbestand der K\u00e4setradition und des authentischen [&hellip;]<\/p>\n","protected":false},"author":1,"featured_media":0,"parent":0,"menu_order":0,"comment_status":"closed","ping_status":"closed","template":"","meta":[],"acf":[],"_links":{"self":[{"href":"https:\/\/fromagerie-tourrette.bigfamily.dev\/de\/wp-json\/wp\/v2\/pages\/6283"}],"collection":[{"href":"https:\/\/fromagerie-tourrette.bigfamily.dev\/de\/wp-json\/wp\/v2\/pages"}],"about":[{"href":"https:\/\/fromagerie-tourrette.bigfamily.dev\/de\/wp-json\/wp\/v2\/types\/page"}],"author":[{"embeddable":true,"href":"https:\/\/fromagerie-tourrette.bigfamily.dev\/de\/wp-json\/wp\/v2\/users\/1"}],"replies":[{"embeddable":true,"href":"https:\/\/fromagerie-tourrette.bigfamily.dev\/de\/wp-json\/wp\/v2\/comments?post=6283"}],"version-history":[{"count":3,"href":"https:\/\/fromagerie-tourrette.bigfamily.dev\/de\/wp-json\/wp\/v2\/pages\/6283\/revisions"}],"predecessor-version":[{"id":100521,"href":"https:\/\/fromagerie-tourrette.bigfamily.dev\/de\/wp-json\/wp\/v2\/pages\/6283\/revisions\/100521"}],"wp:attachment":[{"href":"https:\/\/fromagerie-tourrette.bigfamily.dev\/de\/wp-json\/wp\/v2\/media?parent=6283"}],"curies":[{"name":"wp","href":"https:\/\/api.w.org\/{rel}","templated":true}]}}